{"id":5344,"date":"2023-03-12T19:58:10","date_gmt":"2023-03-12T19:58:10","guid":{"rendered":"https:\/\/todosoft.com.uy\/site\/?page_id=5344"},"modified":"2024-08-19T13:23:38","modified_gmt":"2024-08-19T13:23:38","slug":"software-control-acceso","status":"publish","type":"page","link":"https:\/\/todosoft.com.uy\/site\/control-de-acceso\/software-control-acceso\/","title":{"rendered":"Software de Control de Acceso"},"content":{"rendered":"<div class=\"wpb-content-wrapper\">[vc_row full_width=\u00bbstretch_row_content_no_spaces\u00bb bg_cws_repeat=\u00bbno-repeat\u00bb bg_cws_size=\u00bbcontain\u00bb bg_image_position=\u00bbcenter_bottom\u00bb css=\u00bb.vc_custom_1717265547803{margin-top: -120px !important;background-color: #ffffff !important;}\u00bb][vc_column][vc_single_image image=\u00bb6201&#8243; img_size=\u00bbfull\u00bb css=\u00bb.vc_custom_1717265420303{margin-top: -50px !important;}\u00bb][\/vc_column][\/vc_row][vc_row full_width=\u00bbstretch_row\u00bb content_placement=\u00bbmiddle\u00bb bg_cws_repeat=\u00bbno-repeat\u00bb bg_cws_size=\u00bbcontain\u00bb bg_image_position=\u00bbcenter_bottom\u00bb css=\u00bb.vc_custom_1717265500016{margin-top: -75px !important;background-color: #f4f4f5 !important;}\u00bb][vc_column][vc_column_text css=\u00bb.vc_custom_1717265463072{padding-top: 30px !important;background-position: center !important;background-repeat: no-repeat !important;background-size: cover !important;}\u00bb]\n<h3 class=\"widgettitle\" style=\"font-size: 40px; line-height: 0.8em; font-weight: 900; text-align: center;\"><span style=\"color: #656564;\"><img loading=\"lazy\" decoding=\"async\" class=\"alignnone wp-image-5989\" src=\"https:\/\/todosoft.com.uy\/site\/wp-content\/uploads\/2024\/05\/check-titulo.png\" alt=\"\" width=\"43\" height=\"29\" \/>\u00a0 SOFTWARE <span style=\"color: #3089bf;\">TS-IIDENTIX ACCESO<\/span><\/span><\/h3>\n[\/vc_column_text][vc_row_inner][vc_column_inner][vc_column_text css=\u00bb.vc_custom_1717265623879{margin-top: 40px !important;}\u00bb]\n<p style=\"font-size: 26px; line-height: 1.4em;\"><strong>Nuestro software TS-Identix Acceso le permite gestionar de forma centralizada cientos de dispositivos<\/strong>, simplificando as\u00ed la administraci\u00f3n de la seguridad en sus instalaciones. Una soluci\u00f3n integral para el control de acceso que garantiza una <strong>gesti\u00f3n eficiente y efectiva<\/strong> de la seguridad en su empresa.<\/p>\n[\/vc_column_text][\/vc_column_inner][\/vc_row_inner][vc_row_inner][vc_column_inner width=\u00bb1\/5&#8243;][vc_single_image image=\u00bb6218&#8243; img_size=\u00bb100*100&#8243; alignment=\u00bbcenter\u00bb][vc_column_text]\n<p style=\"text-align: center; font-size: 18px; line-height: 1.2em;\"><span style=\"color: #303030;\"><strong style=\"font-size: 20px; line-height: 1.0em;\">CONTROL CENTRALIZADO:<\/strong><\/span><br \/>\nGestione cientos<br \/>\nde dispositivos de acceso<br \/>\ndesde una interfaz<br \/>\nweb amigable.<\/p>\n[\/vc_column_text][\/vc_column_inner][vc_column_inner width=\u00bb1\/5&#8243;][vc_single_image image=\u00bb6215&#8243; img_size=\u00bb100*100&#8243; alignment=\u00bbcenter\u00bb][vc_column_text]\n<p style=\"text-align: center; font-size: 18px; line-height: 1.2em;\"><span style=\"color: #303030;\"><strong style=\"font-size: 20px; line-height: 1.0em;\">ALERTAS AUTOM\u00c1TICAS:<br \/>\n<\/strong><\/span>Reciba alertas<br \/>\nde intentos de<br \/>\ningresos no<br \/>\nautorizados.<\/p>\n[\/vc_column_text][\/vc_column_inner][vc_column_inner width=\u00bb1\/5&#8243;][vc_single_image image=\u00bb6219&#8243; img_size=\u00bb100*100&#8243; alignment=\u00bbcenter\u00bb][vc_column_text]\n<p style=\"text-align: center; font-size: 18px; line-height: 1.2em;\"><span style=\"color: #303030;\"><strong style=\"font-size: 20px; line-height: 1.0em;\">CONTROL DE VISITANTES:<\/strong><\/span><br \/>\nSistema de control<br \/>\nde visitantes<br \/>\nrestringiendo \u00e1reas<br \/>\nde accesos y horarios.<\/p>\n[\/vc_column_text][\/vc_column_inner][vc_column_inner width=\u00bb1\/5&#8243;][vc_single_image image=\u00bb6216&#8243; img_size=\u00bb100*100&#8243; alignment=\u00bbcenter\u00bb][vc_column_text]\n<p style=\"text-align: center; font-size: 18px; line-height: 1.2em;\"><span style=\"color: #303030;\"><strong style=\"font-size: 20px; line-height: 1.0em;\">REPORTES DETALLADOS:<\/strong><\/span><br \/>\nAccede a reportes<br \/>\nde ingresos y egresos<br \/>\ncon c\u00e1lculos de<br \/>\npermanencia.<\/p>\n[\/vc_column_text][\/vc_column_inner][vc_column_inner width=\u00bb1\/5&#8243;][vc_single_image image=\u00bb6217&#8243; img_size=\u00bb100*100&#8243; alignment=\u00bbcenter\u00bb][vc_column_text]\n<p style=\"text-align: center; font-size: 18px; line-height: 1.2em;\"><span style=\"color: #303030;\"><strong style=\"font-size: 20px; line-height: 1.0em;\">INTEGRACI\u00d3N:<\/strong><\/span><br \/>\nCompatible con<br \/>\notros sistemas como<br \/>\nvideovigilancia,<br \/>\nalarmas e incendios.<\/p>\n[\/vc_column_text][\/vc_column_inner][\/vc_row_inner][\/vc_column][\/vc_row][vc_row full_width=\u00bbstretch_row_content\u00bb bg_cws_repeat=\u00bbno-repeat\u00bb bg_cws_size=\u00bbcontain\u00bb bg_image_position=\u00bbcenter_bottom\u00bb css=\u00bb.vc_custom_1717266773425{margin-top: -50px !important;padding-bottom: 20px !important;background-image: url(https:\/\/todosoft.com.uy\/site\/wp-content\/uploads\/2024\/05\/fondo-ondas-gris-claro-bottom.png?id=5993) !important;background-position: center !important;background-repeat: no-repeat !important;background-size: cover !important;}\u00bb][vc_column width=\u00bb1\/4&#8243;][\/vc_column][vc_column width=\u00bb3\/4&#8243; css=\u00bb.vc_custom_1717162872950{padding-bottom: 180px !important;}\u00bb][\/vc_column][\/vc_row][vc_row full_width=\u00bbstretch_row\u00bb bg_cws_size=\u00bbcontain\u00bb bg_image_position=\u00bbcenter_top\u00bb][vc_column width=\u00bb1\/2&#8243;][vc_column_text]\n<p style=\"font-size: 18px; line-height: 1.4em;\"><strong style=\"font-size: 30px; line-height: 1.64em;\"><span style=\"color: #05639d;\">PRINCIPALES FUNCIONALIDADES:<\/span><br \/>\n<\/strong><\/p>\n<ul>\n<li><strong>Administraci\u00f3n de Funcionarios:<\/strong> Permite realizar la gesti\u00f3n de hasta 2000 funcionarios.<\/li>\n<li><strong>Administraci\u00f3n de Tipos de Marcas:<\/strong> Permite ingresar la codificaci\u00f3n y la descripci\u00f3n del tipo de marca, es decir: Entrada, Salida, Salida Intermedia, Entrada Intermedia, etc.<\/li>\n<li><strong>Enrolamiento de Usuarios:<\/strong> Contempla un m\u00f3dulo de enrolamiento de huellas de los usuarios el cual permite tomar las mismas. Dicho m\u00f3dulo se conecta a un lector de enrolamiento USB o a un lector de Huellas.<\/li>\n<li><strong>Gesti\u00f3n del Presentismo del Personal:<\/strong> Permite tres tipos de horarios: por turnos de horarios fijos, por promedio de horas y por horario variable. Adem\u00e1s se puede asignar horarios de forma flexible y cambios de horario temporales de forma r\u00e1pida<\/li>\n<li><strong>Gesti\u00f3n de novedades o permisos especiales<\/strong>: Permite asignar permisos de salida a los funcionarios, tales como salida m\u00e9dica, licencia maternal, etc.<\/li>\n<li><strong>Seguridad:<\/strong> Controla el acceso del operador a las diferentes secciones del sistema. Asignando diferentes niveles de acceso.<\/li>\n<li><strong>Administraci\u00f3n de Relojes:<\/strong> Permite la administraci\u00f3n de los relojes tanto de huella dactilar como de tarjeta de proximidad. A su vez, se contempla toda la carga y descarga de informaci\u00f3n desde y hacia los lectores, como la sincronizaci\u00f3n de horario y borrado de informaci\u00f3n.<\/li>\n<li><strong>Administraci\u00f3n de Relojes:<\/strong> Permite la administraci\u00f3n de los relojes tanto de huella dactilar como de tarjeta de proximidad. A su vez, se contempla toda la carga y descarga de informaci\u00f3n desde y hacia los lectores, como la sincronizaci\u00f3n de horario y borrado de informaci\u00f3n.<\/li>\n<li><strong>Conexi\u00f3n con diferentes dispositivos:<\/strong> Permite trabajar simult\u00e1neamente con diferentes equipos, sin importar el medio de comunicaci\u00f3n.<\/li>\n<li><strong>D\u00edas festivos:<\/strong> Contempla la asignaci\u00f3n de d\u00edas festivos.<\/li>\n<li><strong>Mensajer\u00eda:<\/strong> Posibilidad de env\u00edo de mensajes; ya sea personal, grupal o a la totalidad de los empleados, a trav\u00e9s de las pantallas LCD de los lectores. De esta manera el funcionario leer\u00e1 el mensaje al momento de realizar la marca en el reloj.<\/li>\n<li><strong>Omisi\u00f3n de Marcado:<\/strong> Es posible realizar el ingreso de marcas manuales en caso de que el empleado se olvide de marcar. Quedando registrado qui\u00e9n fue el usuario que realiz\u00f3 dicha operaci\u00f3n.<\/li>\n<\/ul>\n[\/vc_column_text][\/vc_column][vc_column width=\u00bb1\/2&#8243;][vc_images_carousel images=\u00bb6237,6235,6238,6236,6239&#8243; img_size=\u00bbfull\u00bb][\/vc_column][\/vc_row][vc_row bg_cws_repeat=\u00bbno-repeat\u00bb bg_cws_size=\u00bbcover\u00bb bg_image_position=\u00bbcenter_center\u00bb][vc_column width=\u00bb1\/4&#8243;][\/vc_column][vc_column width=\u00bb1\/2&#8243;]<div data-style='&quot;#ingenious_button_69f47e43b4425{\\n\\t\\t\\tcolor: #ffffff;\\n\\t\\t\\tbackground-color: #de813b;\\n\\t\\t\\tborder-color: rgba(0,157,230,0.01);\\n\\t\\t}#ingenious_button_69f47e43b4425 &gt; i{\\n\\t\\t\\tcolor: #ffffff;\\n\\t\\t}#ingenious_button_69f47e43b4425.ingenious_button.swipe_left:before,\\n\\t\\t\\t#ingenious_button_69f47e43b4425.ingenious_button.swipe_right:before,\\n\\t\\t\\t#ingenious_button_69f47e43b4425.ingenious_button.swipe_top:before,\\n\\t\\t\\t#ingenious_button_69f47e43b4425.ingenious_button.swipe_bot:before,\\t\\n\\t\\t\\t#ingenious_button_69f47e43b4425.ingenious_button.smoosh:before,\\t\\t\\n\\t\\t\\t#ingenious_button_69f47e43b4425.ingenious_button.smoosh:after,\\t\\n\\t\\t\\t#ingenious_button_69f47e43b4425.ingenious_button.collision:before,\\t\\t\\n\\t\\t\\t#ingenious_button_69f47e43b4425.ingenious_button.collision:after,\\t\\t\\n\\t\\t\\t#ingenious_button_69f47e43b4425.ingenious_button.pos_aware span{background-color: #de813b;}#ingenious_button_69f47e43b4425.ingenious_button.swipe_diagonal:before{border-bottom-color: rgba(0,157,230,0.01);}#ingenious_button_69f47e43b4425.ingenious_button.close_diagonal:before,\\n\\t\\t\\t#ingenious_button_69f47e43b4425.ingenious_button.close_diagonal:after{border-bottom-color: rgba(0,157,230,0.01);border-top-color: rgba(0,157,230,0.01);}#ingenious_button_69f47e43b4425.ingenious_button.slice:before{border-left-color: rgba(0,157,230,0.01);}#ingenious_button_69f47e43b4425.ingenious_button.slice:after{border-right-color: rgba(0,157,230,0.01);}#ingenious_button_69f47e43b4425.ingenious_button.shadow{box-shadow: 0 0 40px 40px #de813b inset, 0 0 0 0 #de813b;}#ingenious_button_69f47e43b4425.ingenious_button.shadow_alt{box-shadow: 0 0 10px 0 #de813b inset, 0 0 10px 4px #de813b;}#ingenious_button_69f47e43b4425:not(.none_anim):hover{\\n\\t\\t\\tcolor: #de813b;\\n\\t\\t\\tbackground-color: #ffffff;\\n\\t\\t\\tborder-color: #de813b;\\t\\n\\t\\t}#ingenious_button_69f47e43b4425:hover &gt; i{\\n\\t\\t\\tcolor: #de813b;\\n\\t\\t}#ingenious_button_69f47e43b4425.ingenious_button.shadow:hover{box-shadow: 0 0 10px 0 #ffffff inset, 0 0 10px 4px #ffffff;}#ingenious_button_69f47e43b4425.ingenious_button.shadow_alt:hover{box-shadow: 0 0 40px 40px #ffffff inset, 0 0 10px 4px #ffffff;}&quot;' class='ingenious_button_wrapper render_styles aligncenter'><a href='https:\/\/todosoft.com.uy\/site\/contacto\/' id='ingenious_button_69f47e43b4425' class='ingenious_button large def_anim font-size: 24px;'>SOLICITAR ASESORAMIENTO&#x20;<i class='far fa-hand-pointer'><\/i><\/a><\/div>[\/vc_column][vc_column width=\u00bb1\/4&#8243;][\/vc_column][\/vc_row][vc_row full_width=\u00bbstretch_row_content\u00bb bg_cws_repeat=\u00bbno-repeat\u00bb bg_cws_size=\u00bbcontain\u00bb bg_image_position=\u00bbcenter_bottom\u00bb css=\u00bb.vc_custom_1724073819391{margin-top: -200px !important;padding-top: 20px !important;background-image: url(https:\/\/todosoft.com.uy\/site\/wp-content\/uploads\/2024\/08\/fondo-ondas-gris-top-v2.png?id=7335) !important;}\u00bb][vc_column width=\u00bb1\/4&#8243;][\/vc_column][vc_column width=\u00bb3\/4&#8243; css=\u00bb.vc_custom_1717162872950{padding-bottom: 180px !important;}\u00bb][\/vc_column][\/vc_row][vc_row full_width=\u00bbstretch_row\u00bb content_placement=\u00bbmiddle\u00bb bg_cws_repeat=\u00bbno-repeat\u00bb bg_cws_size=\u00bbcontain\u00bb bg_image_position=\u00bbcenter_bottom\u00bb css=\u00bb.vc_custom_1724073479418{margin-top: -100px !important;margin-bottom: -50px !important;padding-bottom: 100px !important;background-color: #f4f4f5 !important;}\u00bb][vc_column][vc_column_text css=\u00bb.vc_custom_1717263220266{padding-top: 50px !important;background-position: center !important;background-repeat: no-repeat !important;background-size: cover !important;}\u00bb]\n<h3 class=\"widgettitle\" style=\"font-size: 40px; line-height: 0.8em; font-weight: 900; text-align: center;\"><span style=\"color: #656564;\">CONOZCA ALGUNOS DE <span style=\"color: #05639d;\">NUESTROS CASOS DE \u00c9XITO<\/span><\/span><\/h3>\n[\/vc_column_text][vc_row_inner][vc_column_inner width=\u00bb1\/4&#8243;][vc_single_image image=\u00bb5677&#8243; img_size=\u00bbfull\u00bb alignment=\u00bbcenter\u00bb style=\u00bbvc_box_border\u00bb border_color=\u00bborange\u00bb onclick=\u00bbcustom_link\u00bb img_link_target=\u00bb_blank\u00bb css=\u00bb\u00bb link=\u00bbhttps:\/\/todosoft.com.uy\/site\/upm-urudata-casos-de-exito\/\u00bb][\/vc_column_inner][vc_column_inner width=\u00bb1\/4&#8243;][vc_single_image image=\u00bb5676&#8243; img_size=\u00bbfull\u00bb alignment=\u00bbcenter\u00bb style=\u00bbvc_box_border\u00bb border_color=\u00bborange\u00bb onclick=\u00bbcustom_link\u00bb img_link_target=\u00bb_blank\u00bb css=\u00bb\u00bb link=\u00bbhttps:\/\/todosoft.com.uy\/site\/sanatorio-mautone-casos-de-exito\/\u00bb][\/vc_column_inner][vc_column_inner width=\u00bb1\/4&#8243;][vc_single_image image=\u00bb4795&#8243; img_size=\u00bbfull\u00bb alignment=\u00bbcenter\u00bb style=\u00bbvc_box_border\u00bb border_color=\u00bborange\u00bb onclick=\u00bbcustom_link\u00bb img_link_target=\u00bb_blank\u00bb css=\u00bb\u00bb link=\u00bbhttps:\/\/todosoft.com.uy\/site\/granjas-del-uruguay-casos-de-exito\/\u00bb][\/vc_column_inner][vc_column_inner width=\u00bb1\/4&#8243;][vc_single_image image=\u00bb5673&#8243; img_size=\u00bbfull\u00bb alignment=\u00bbcenter\u00bb style=\u00bbvc_box_border\u00bb border_color=\u00bborange\u00bb onclick=\u00bbcustom_link\u00bb img_link_target=\u00bb_blank\u00bb css=\u00bb\u00bb link=\u00bbhttps:\/\/todosoft.com.uy\/site\/antel-casos-de-exito\/\u00bb][\/vc_column_inner][\/vc_row_inner][vc_row_inner css=\u00bb.vc_custom_1722341562544{margin-top: -30px !important;}\u00bb][vc_column_inner width=\u00bb1\/4&#8243;][vc_single_image image=\u00bb7202&#8243; img_size=\u00bbfull\u00bb alignment=\u00bbcenter\u00bb style=\u00bbvc_box_border\u00bb border_color=\u00bborange\u00bb onclick=\u00bbcustom_link\u00bb img_link_target=\u00bb_blank\u00bb css=\u00bb\u00bb link=\u00bbhttps:\/\/todosoft.com.uy\/site\/upm-casos-de-exito\/\u00bb][\/vc_column_inner][vc_column_inner width=\u00bb1\/4&#8243;][vc_single_image image=\u00bb5674&#8243; img_size=\u00bbfull\u00bb alignment=\u00bbcenter\u00bb style=\u00bbvc_box_border\u00bb border_color=\u00bborange\u00bb onclick=\u00bbcustom_link\u00bb img_link_target=\u00bb_blank\u00bb css=\u00bb\u00bb link=\u00bbhttps:\/\/todosoft.com.uy\/site\/intendencia-de-montevideo-casos-de-exito\/\u00bb][\/vc_column_inner][vc_column_inner width=\u00bb1\/4&#8243;][vc_single_image image=\u00bb4791&#8243; img_size=\u00bbfull\u00bb alignment=\u00bbcenter\u00bb style=\u00bbvc_box_border\u00bb border_color=\u00bborange\u00bb onclick=\u00bbcustom_link\u00bb img_link_target=\u00bb_blank\u00bb css=\u00bb\u00bb link=\u00bb#\u00bb][\/vc_column_inner][vc_column_inner width=\u00bb1\/4&#8243;][vc_single_image image=\u00bb5675&#8243; img_size=\u00bbfull\u00bb alignment=\u00bbcenter\u00bb style=\u00bbvc_box_border\u00bb border_color=\u00bborange\u00bb onclick=\u00bbcustom_link\u00bb img_link_target=\u00bb_blank\u00bb css=\u00bb\u00bb link=\u00bbhttps:\/\/todosoft.com.uy\/site\/macromercado-casos-de-exito\/\u00bb][\/vc_column_inner][\/vc_row_inner][\/vc_column][\/vc_row]\n<\/div>","protected":false},"excerpt":{"rendered":"<p>[vc_row full_width=\u00bbstretch_row_content_no_spaces\u00bb bg_cws_repeat=\u00bbno-repeat\u00bb bg_cws_size=\u00bbcontain\u00bb bg_image_position=\u00bbcenter_bottom\u00bb css=\u00bb.vc_custom_1717265547803{margin-top: -120px !important;background-color: #ffffff !important;}\u00bb][vc_column][vc_single_image image=\u00bb6201&#8243; img_size=\u00bbfull\u00bb css=\u00bb.vc_custom_1717265420303{margin-top: -50px !important;}\u00bb][\/vc_column][\/vc_row][vc_row full_width=\u00bbstretch_row\u00bb content_placement=\u00bbmiddle\u00bb bg_cws_repeat=\u00bbno-repeat\u00bb bg_cws_size=\u00bbcontain\u00bb bg_image_position=\u00bbcenter_bottom\u00bb css=\u00bb.vc_custom_1717265500016{margin-top: -75px !important;background-color: #f4f4f5 !important;}\u00bb][vc_column][vc_column_text css=\u00bb.vc_custom_1717265463072{padding-top: 30px !important;background-position: center !important;background-repeat: no-repeat !important;background-size: cover !important;}\u00bb] \u00a0 SOFTWARE TS-IIDENTIX ACCESO [\/vc_column_text][vc_row_inner][vc_column_inner][vc_column_text css=\u00bb.vc_custom_1717265623879{margin-top: 40px !important;}\u00bb] Nuestro software TS-Identix Acceso le permite gestionar de forma centralizada cientos de dispositivos, [&hellip;]<\/p>\n","protected":false},"author":1,"featured_media":0,"parent":5339,"menu_order":0,"comment_status":"closed","ping_status":"closed","template":"","meta":{"footnotes":""},"class_list":["post-5344","page","type-page","status-publish","hentry"],"_links":{"self":[{"href":"https:\/\/todosoft.com.uy\/site\/wp-json\/wp\/v2\/pages\/5344","targetHints":{"allow":["GET"]}}],"collection":[{"href":"https:\/\/todosoft.com.uy\/site\/wp-json\/wp\/v2\/pages"}],"about":[{"href":"https:\/\/todosoft.com.uy\/site\/wp-json\/wp\/v2\/types\/page"}],"author":[{"embeddable":true,"href":"https:\/\/todosoft.com.uy\/site\/wp-json\/wp\/v2\/users\/1"}],"replies":[{"embeddable":true,"href":"https:\/\/todosoft.com.uy\/site\/wp-json\/wp\/v2\/comments?post=5344"}],"version-history":[{"count":38,"href":"https:\/\/todosoft.com.uy\/site\/wp-json\/wp\/v2\/pages\/5344\/revisions"}],"predecessor-version":[{"id":7359,"href":"https:\/\/todosoft.com.uy\/site\/wp-json\/wp\/v2\/pages\/5344\/revisions\/7359"}],"up":[{"embeddable":true,"href":"https:\/\/todosoft.com.uy\/site\/wp-json\/wp\/v2\/pages\/5339"}],"wp:attachment":[{"href":"https:\/\/todosoft.com.uy\/site\/wp-json\/wp\/v2\/media?parent=5344"}],"curies":[{"name":"wp","href":"https:\/\/api.w.org\/{rel}","templated":true}]}}