{"id":6616,"date":"2024-07-14T00:01:57","date_gmt":"2024-07-14T00:01:57","guid":{"rendered":"https:\/\/todosoft.com.uy\/site\/?page_id=6616"},"modified":"2024-08-21T01:02:43","modified_gmt":"2024-08-21T01:02:43","slug":"registro-de-marcacion-home-office","status":"publish","type":"page","link":"https:\/\/todosoft.com.uy\/site\/control-horario\/registro-de-marcacion-home-office\/","title":{"rendered":"Registro de Marcaci\u00f3n Home Office"},"content":{"rendered":"<div class=\"wpb-content-wrapper\">[vc_row full_width=\u00bbstretch_row_content_no_spaces\u00bb bg_cws_repeat=\u00bbno-repeat\u00bb bg_cws_size=\u00bbcontain\u00bb bg_image_position=\u00bbcenter_bottom\u00bb css=\u00bb.vc_custom_1717265547803{margin-top: -120px !important;background-color: #ffffff !important;}\u00bb][vc_column][vc_single_image image=\u00bb6619&#8243; img_size=\u00bbfull\u00bb css=\u00bb.vc_custom_1720915045537{margin-top: -50px !important;}\u00bb][\/vc_column][\/vc_row][vc_row full_width=\u00bbstretch_row\u00bb content_placement=\u00bbmiddle\u00bb bg_cws_repeat=\u00bbno-repeat\u00bb bg_cws_size=\u00bbcontain\u00bb bg_image_position=\u00bbcenter_bottom\u00bb css=\u00bb.vc_custom_1720915505066{margin-top: -75px !important;background-color: #f4f4f5 !important;}\u00bb][vc_column][vc_column_text css=\u00bb.vc_custom_1720915577277{padding-top: 50px !important;background-position: center !important;background-repeat: no-repeat !important;background-size: cover !important;}\u00bb]\n<h3 class=\"widgettitle\" style=\"font-size: 40px; line-height: 0.8em; font-weight: 900; text-align: center;\"><span style=\"color: #656564;\"><img loading=\"lazy\" decoding=\"async\" class=\"alignnone wp-image-5989\" src=\"https:\/\/todosoft.com.uy\/site\/wp-content\/uploads\/2024\/05\/check-titulo.png\" alt=\"\" width=\"43\" height=\"29\" \/>\u00a0 REGISTRO DE ASISTENCIA <span style=\"color: #3089bf;\">HOME OFFICE<\/span><\/span><\/h3>\n[\/vc_column_text][vc_column_text css=\u00bb.vc_custom_1720915621733{margin-top: 40px !important;}\u00bb]\n<p style=\"font-size: 26px; line-height: 1.4em;\">Con nuestro software TS-Identix, contar\u00e1s con un <strong>m\u00f3dulo web dise\u00f1ado para registrar y controlar las marcaciones de horario remoto de forma eficiente y segura<\/strong>, con 4 niveles de usuario: Encargado, Jefe, RRHH y Usuario.<\/p>\n[\/vc_column_text][vc_row_inner][vc_column_inner width=\u00bb1\/2&#8243;][vc_column_text css=\u00bb.vc_custom_1720915999529{margin-top: 40px !important;padding-bottom: 20px !important;}\u00bb]\n<p style=\"font-size: 18px; line-height: 1.4em;\"><img loading=\"lazy\" decoding=\"async\" class=\"margin-right: 10px; alignleft wp-image-6618\" src=\"https:\/\/todosoft.com.uy\/site\/wp-content\/uploads\/2024\/07\/check-naranja-2.png\" alt=\"\" width=\"47\" height=\"48\" \/>Registre f\u00e1cilmente los horarios<br \/>\nlaborales de sus funcionarios<\/p>\n[\/vc_column_text][\/vc_column_inner][vc_column_inner width=\u00bb1\/2&#8243;][vc_column_text css=\u00bb.vc_custom_1720916182512{margin-top: 40px !important;padding-bottom: 20px !important;}\u00bb]\n<p style=\"font-size: 18px; line-height: 1.4em;\"><img loading=\"lazy\" decoding=\"async\" class=\"margin-right: 10px; alignleft wp-image-6618\" src=\"https:\/\/todosoft.com.uy\/site\/wp-content\/uploads\/2024\/07\/check-naranja-2.png\" alt=\"\" width=\"47\" height=\"48\" \/>Acceda a sus marcaciones desde cualquier lugar, ya sea<br \/>\ndesde el reloj o mediante nuestro m\u00f3dulo web exclusivo<\/p>\n[\/vc_column_text][\/vc_column_inner][\/vc_row_inner][\/vc_column][\/vc_row][vc_row full_width=\u00bbstretch_row_content\u00bb bg_cws_repeat=\u00bbno-repeat\u00bb bg_cws_size=\u00bbcontain\u00bb bg_image_position=\u00bbcenter_bottom\u00bb css=\u00bb.vc_custom_1720916119885{margin-top: -75px !important;padding-top: 20px !important;background: #f4f4f5 url(https:\/\/todosoft.com.uy\/site\/wp-content\/uploads\/2024\/05\/fondo-ondas-azul-top.png?id=5992) !important;background-position: center !important;background-repeat: no-repeat !important;background-size: cover !important;}\u00bb][vc_column width=\u00bb1\/4&#8243;][\/vc_column][vc_column width=\u00bb3\/4&#8243; css=\u00bb.vc_custom_1717162872950{padding-bottom: 180px !important;}\u00bb][\/vc_column][\/vc_row][vc_row full_width=\u00bbstretch_row\u00bb content_placement=\u00bbmiddle\u00bb bg_cws_repeat=\u00bbno-repeat\u00bb bg_cws_size=\u00bbcontain\u00bb bg_image_position=\u00bbcenter_bottom\u00bb css=\u00bb.vc_custom_1720218820893{margin-top: -100px !important;background-color: #3089bf !important;}\u00bb][vc_column][vc_row_inner][vc_column_inner][vc_column_text css=\u00bb.vc_custom_1720916342479{padding-top: 20px !important;}\u00bb]\n<h3><\/h3>\n<h3 style=\"text-align: center;\"><span style=\"color: #ffffff; font-size: 40px; line-height: 30px; font-weight: 600;\"> \u00a1DESCUBRA LA SOLUCI\u00d3N PERFECTA<br \/>\nPARA GESTIONAR EL HORARIO DE SUS<br \/>\nCOLABORADORES EN MODALIDAD HOME OFFICE!<br \/>\n<\/span><\/h3>\n[\/vc_column_text][\/vc_column_inner][\/vc_row_inner][\/vc_column][\/vc_row][vc_row full_width=\u00bbstretch_row\u00bb bg_cws_size=\u00bbcontain\u00bb bg_image_position=\u00bbcenter_top\u00bb][vc_column width=\u00bb1\/2&#8243;][vc_column_text css=\u00bb.vc_custom_1720916884797{padding-top: 30px !important;}\u00bb]\n<p style=\"font-size: 18px; line-height: 1.4em;\"><strong style=\"font-size: 30px; line-height: 1.64em;\"><span style=\"color: #05639d;\">BENEFICIOS CLAVE:<\/span><br \/>\n<\/strong><\/p>\n<ul>\n<li style=\"font-weight: 400;\" aria-level=\"1\"><span style=\"font-weight: 400;\">Defina claramente el inicio, <\/span><strong>final y los descansos de la jornada laboral<\/strong><span style=\"font-weight: 400;\"> a distancia.<\/span><\/li>\n<li style=\"font-weight: 400;\" aria-level=\"1\"><strong>Supervise en tiempo real<\/strong><span style=\"font-weight: 400;\"> qui\u00e9n est\u00e1 trabajando en cada momento.<\/span><\/li>\n<li style=\"font-weight: 400;\" aria-level=\"1\"><strong>Los funcionarios pueden gestionar sus propias marcas de horario de manera independiente<\/strong><span style=\"font-weight: 400;\">, con opciones de filtrado y exportaci\u00f3n de datos.<\/span><\/li>\n<li style=\"font-weight: 400;\" aria-level=\"1\"><strong>Los supervisores tienen acceso a un panel completo para visualizar y administrar las marcaciones<\/strong><span style=\"font-weight: 400;\"> de sus equipos, incluso la posibilidad de agregar marcaciones manualmente.<\/span><\/li>\n<\/ul>\n[\/vc_column_text][\/vc_column][vc_column width=\u00bb1\/2&#8243;][vc_images_carousel images=\u00bb6495,6494,6493,6492,6491,6490,6489,6488&#8243; img_size=\u00bbfull\u00bb][\/vc_column][\/vc_row][vc_row bg_cws_repeat=\u00bbno-repeat\u00bb bg_cws_size=\u00bbcover\u00bb bg_image_position=\u00bbcenter_center\u00bb css=\u00bb.vc_custom_1717259956396{padding-bottom: 50px !important;}\u00bb][vc_column width=\u00bb1\/4&#8243;][\/vc_column][vc_column width=\u00bb1\/2&#8243;]<div data-style='&quot;#ingenious_button_69f487587ef22{\\n\\t\\t\\tcolor: #ffffff;\\n\\t\\t\\tbackground-color: #de813b;\\n\\t\\t\\tborder-color: rgba(0,157,230,0.01);\\n\\t\\t}#ingenious_button_69f487587ef22 &gt; i{\\n\\t\\t\\tcolor: #ffffff;\\n\\t\\t}#ingenious_button_69f487587ef22.ingenious_button.swipe_left:before,\\n\\t\\t\\t#ingenious_button_69f487587ef22.ingenious_button.swipe_right:before,\\n\\t\\t\\t#ingenious_button_69f487587ef22.ingenious_button.swipe_top:before,\\n\\t\\t\\t#ingenious_button_69f487587ef22.ingenious_button.swipe_bot:before,\\t\\n\\t\\t\\t#ingenious_button_69f487587ef22.ingenious_button.smoosh:before,\\t\\t\\n\\t\\t\\t#ingenious_button_69f487587ef22.ingenious_button.smoosh:after,\\t\\n\\t\\t\\t#ingenious_button_69f487587ef22.ingenious_button.collision:before,\\t\\t\\n\\t\\t\\t#ingenious_button_69f487587ef22.ingenious_button.collision:after,\\t\\t\\n\\t\\t\\t#ingenious_button_69f487587ef22.ingenious_button.pos_aware span{background-color: #de813b;}#ingenious_button_69f487587ef22.ingenious_button.swipe_diagonal:before{border-bottom-color: rgba(0,157,230,0.01);}#ingenious_button_69f487587ef22.ingenious_button.close_diagonal:before,\\n\\t\\t\\t#ingenious_button_69f487587ef22.ingenious_button.close_diagonal:after{border-bottom-color: rgba(0,157,230,0.01);border-top-color: rgba(0,157,230,0.01);}#ingenious_button_69f487587ef22.ingenious_button.slice:before{border-left-color: rgba(0,157,230,0.01);}#ingenious_button_69f487587ef22.ingenious_button.slice:after{border-right-color: rgba(0,157,230,0.01);}#ingenious_button_69f487587ef22.ingenious_button.shadow{box-shadow: 0 0 40px 40px #de813b inset, 0 0 0 0 #de813b;}#ingenious_button_69f487587ef22.ingenious_button.shadow_alt{box-shadow: 0 0 10px 0 #de813b inset, 0 0 10px 4px #de813b;}#ingenious_button_69f487587ef22:not(.none_anim):hover{\\n\\t\\t\\tcolor: #de813b;\\n\\t\\t\\tbackground-color: #ffffff;\\n\\t\\t\\tborder-color: #de813b;\\t\\n\\t\\t}#ingenious_button_69f487587ef22:hover &gt; i{\\n\\t\\t\\tcolor: #de813b;\\n\\t\\t}#ingenious_button_69f487587ef22.ingenious_button.shadow:hover{box-shadow: 0 0 10px 0 #ffffff inset, 0 0 10px 4px #ffffff;}#ingenious_button_69f487587ef22.ingenious_button.shadow_alt:hover{box-shadow: 0 0 40px 40px #ffffff inset, 0 0 10px 4px #ffffff;}&quot;' class='ingenious_button_wrapper render_styles aligncenter'><a href='https:\/\/todosoft.com.uy\/site\/contacto\/' id='ingenious_button_69f487587ef22' class='ingenious_button large def_anim font-size: 24px;'>SOLICITAR ASESORAMIENTO&#x20;<i class='far fa-hand-pointer'><\/i><\/a><\/div>[\/vc_column][vc_column width=\u00bb1\/4&#8243;][\/vc_column][\/vc_row][vc_row full_width=\u00bbstretch_row_content\u00bb bg_cws_repeat=\u00bbno-repeat\u00bb bg_cws_size=\u00bbcontain\u00bb bg_image_position=\u00bbcenter_bottom\u00bb css=\u00bb.vc_custom_1724201683994{margin-top: -50px !important;padding-top: 20px !important;background-image: url(https:\/\/todosoft.com.uy\/site\/wp-content\/uploads\/2024\/08\/fondo-ondas-gris-top-v2.png?id=7335) !important;}\u00bb][vc_column width=\u00bb1\/4&#8243;][\/vc_column][vc_column width=\u00bb3\/4&#8243; css=\u00bb.vc_custom_1717162872950{padding-bottom: 180px !important;}\u00bb][\/vc_column][\/vc_row][vc_row full_width=\u00bbstretch_row\u00bb content_placement=\u00bbmiddle\u00bb bg_cws_repeat=\u00bbno-repeat\u00bb bg_cws_size=\u00bbcontain\u00bb bg_image_position=\u00bbcenter_bottom\u00bb css=\u00bb.vc_custom_1724073479418{margin-top: -100px !important;margin-bottom: -50px !important;padding-bottom: 100px !important;background-color: #f4f4f5 !important;}\u00bb][vc_column][vc_column_text css=\u00bb.vc_custom_1717263220266{padding-top: 50px !important;background-position: center !important;background-repeat: no-repeat !important;background-size: cover !important;}\u00bb]\n<h3 class=\"widgettitle\" style=\"font-size: 40px; line-height: 0.8em; font-weight: 900; text-align: center;\"><span style=\"color: #656564;\">CONOZCA ALGUNOS DE <span style=\"color: #05639d;\">NUESTROS CASOS DE \u00c9XITO<\/span><\/span><\/h3>\n[\/vc_column_text][vc_row_inner][vc_column_inner width=\u00bb1\/4&#8243;][vc_single_image image=\u00bb5677&#8243; img_size=\u00bbfull\u00bb alignment=\u00bbcenter\u00bb style=\u00bbvc_box_border\u00bb border_color=\u00bborange\u00bb onclick=\u00bbcustom_link\u00bb img_link_target=\u00bb_blank\u00bb css=\u00bb\u00bb link=\u00bbhttps:\/\/todosoft.com.uy\/site\/upm-urudata-casos-de-exito\/\u00bb][\/vc_column_inner][vc_column_inner width=\u00bb1\/4&#8243;][vc_single_image image=\u00bb5676&#8243; img_size=\u00bbfull\u00bb alignment=\u00bbcenter\u00bb style=\u00bbvc_box_border\u00bb border_color=\u00bborange\u00bb onclick=\u00bbcustom_link\u00bb img_link_target=\u00bb_blank\u00bb css=\u00bb\u00bb link=\u00bbhttps:\/\/todosoft.com.uy\/site\/sanatorio-mautone-casos-de-exito\/\u00bb][\/vc_column_inner][vc_column_inner width=\u00bb1\/4&#8243;][vc_single_image image=\u00bb4795&#8243; img_size=\u00bbfull\u00bb alignment=\u00bbcenter\u00bb style=\u00bbvc_box_border\u00bb border_color=\u00bborange\u00bb onclick=\u00bbcustom_link\u00bb img_link_target=\u00bb_blank\u00bb css=\u00bb\u00bb link=\u00bbhttps:\/\/todosoft.com.uy\/site\/granjas-del-uruguay-casos-de-exito\/\u00bb][\/vc_column_inner][vc_column_inner width=\u00bb1\/4&#8243;][vc_single_image image=\u00bb5673&#8243; img_size=\u00bbfull\u00bb alignment=\u00bbcenter\u00bb style=\u00bbvc_box_border\u00bb border_color=\u00bborange\u00bb onclick=\u00bbcustom_link\u00bb img_link_target=\u00bb_blank\u00bb css=\u00bb\u00bb link=\u00bbhttps:\/\/todosoft.com.uy\/site\/antel-casos-de-exito\/\u00bb][\/vc_column_inner][\/vc_row_inner][vc_row_inner css=\u00bb.vc_custom_1722341562544{margin-top: -30px !important;}\u00bb][vc_column_inner width=\u00bb1\/4&#8243;][vc_single_image image=\u00bb7202&#8243; img_size=\u00bbfull\u00bb alignment=\u00bbcenter\u00bb style=\u00bbvc_box_border\u00bb border_color=\u00bborange\u00bb onclick=\u00bbcustom_link\u00bb img_link_target=\u00bb_blank\u00bb css=\u00bb\u00bb link=\u00bbhttps:\/\/todosoft.com.uy\/site\/upm-casos-de-exito\/\u00bb][\/vc_column_inner][vc_column_inner width=\u00bb1\/4&#8243;][vc_single_image image=\u00bb5674&#8243; img_size=\u00bbfull\u00bb alignment=\u00bbcenter\u00bb style=\u00bbvc_box_border\u00bb border_color=\u00bborange\u00bb onclick=\u00bbcustom_link\u00bb img_link_target=\u00bb_blank\u00bb css=\u00bb\u00bb link=\u00bbhttps:\/\/todosoft.com.uy\/site\/intendencia-de-montevideo-casos-de-exito\/\u00bb][\/vc_column_inner][vc_column_inner width=\u00bb1\/4&#8243;][vc_single_image image=\u00bb4791&#8243; img_size=\u00bbfull\u00bb alignment=\u00bbcenter\u00bb style=\u00bbvc_box_border\u00bb border_color=\u00bborange\u00bb onclick=\u00bbcustom_link\u00bb img_link_target=\u00bb_blank\u00bb css=\u00bb\u00bb link=\u00bb#\u00bb][\/vc_column_inner][vc_column_inner width=\u00bb1\/4&#8243;][vc_single_image image=\u00bb5675&#8243; img_size=\u00bbfull\u00bb alignment=\u00bbcenter\u00bb style=\u00bbvc_box_border\u00bb border_color=\u00bborange\u00bb onclick=\u00bbcustom_link\u00bb img_link_target=\u00bb_blank\u00bb css=\u00bb\u00bb link=\u00bbhttps:\/\/todosoft.com.uy\/site\/macromercado-casos-de-exito\/\u00bb][\/vc_column_inner][\/vc_row_inner][\/vc_column][\/vc_row]\n<\/div>","protected":false},"excerpt":{"rendered":"<p>[vc_row full_width=\u00bbstretch_row_content_no_spaces\u00bb bg_cws_repeat=\u00bbno-repeat\u00bb bg_cws_size=\u00bbcontain\u00bb bg_image_position=\u00bbcenter_bottom\u00bb css=\u00bb.vc_custom_1717265547803{margin-top: -120px !important;background-color: #ffffff !important;}\u00bb][vc_column][vc_single_image image=\u00bb6619&#8243; img_size=\u00bbfull\u00bb css=\u00bb.vc_custom_1720915045537{margin-top: -50px !important;}\u00bb][\/vc_column][\/vc_row][vc_row full_width=\u00bbstretch_row\u00bb content_placement=\u00bbmiddle\u00bb bg_cws_repeat=\u00bbno-repeat\u00bb bg_cws_size=\u00bbcontain\u00bb bg_image_position=\u00bbcenter_bottom\u00bb css=\u00bb.vc_custom_1720915505066{margin-top: -75px !important;background-color: #f4f4f5 !important;}\u00bb][vc_column][vc_column_text css=\u00bb.vc_custom_1720915577277{padding-top: 50px !important;background-position: center !important;background-repeat: no-repeat !important;background-size: cover !important;}\u00bb] \u00a0 REGISTRO DE ASISTENCIA HOME OFFICE [\/vc_column_text][vc_column_text css=\u00bb.vc_custom_1720915621733{margin-top: 40px !important;}\u00bb] Con nuestro software TS-Identix, contar\u00e1s con un m\u00f3dulo web dise\u00f1ado para [&hellip;]<\/p>\n","protected":false},"author":1,"featured_media":0,"parent":5241,"menu_order":0,"comment_status":"closed","ping_status":"closed","template":"","meta":{"footnotes":""},"class_list":["post-6616","page","type-page","status-publish","hentry"],"_links":{"self":[{"href":"https:\/\/todosoft.com.uy\/site\/wp-json\/wp\/v2\/pages\/6616","targetHints":{"allow":["GET"]}}],"collection":[{"href":"https:\/\/todosoft.com.uy\/site\/wp-json\/wp\/v2\/pages"}],"about":[{"href":"https:\/\/todosoft.com.uy\/site\/wp-json\/wp\/v2\/types\/page"}],"author":[{"embeddable":true,"href":"https:\/\/todosoft.com.uy\/site\/wp-json\/wp\/v2\/users\/1"}],"replies":[{"embeddable":true,"href":"https:\/\/todosoft.com.uy\/site\/wp-json\/wp\/v2\/comments?post=6616"}],"version-history":[{"count":21,"href":"https:\/\/todosoft.com.uy\/site\/wp-json\/wp\/v2\/pages\/6616\/revisions"}],"predecessor-version":[{"id":6622,"href":"https:\/\/todosoft.com.uy\/site\/wp-json\/wp\/v2\/pages\/6616\/revisions\/6622"}],"up":[{"embeddable":true,"href":"https:\/\/todosoft.com.uy\/site\/wp-json\/wp\/v2\/pages\/5241"}],"wp:attachment":[{"href":"https:\/\/todosoft.com.uy\/site\/wp-json\/wp\/v2\/media?parent=6616"}],"curies":[{"name":"wp","href":"https:\/\/api.w.org\/{rel}","templated":true}]}}