{"id":6640,"date":"2024-07-14T00:40:26","date_gmt":"2024-07-14T00:40:26","guid":{"rendered":"https:\/\/todosoft.com.uy\/site\/?page_id=6640"},"modified":"2024-08-21T00:58:33","modified_gmt":"2024-08-21T00:58:33","slug":"hardware-control-de-horario","status":"publish","type":"page","link":"https:\/\/todosoft.com.uy\/site\/control-horario\/hardware-control-de-horario\/","title":{"rendered":"Hardware de Control de Horario"},"content":{"rendered":"<div class=\"wpb-content-wrapper\">[vc_row full_width=\u00bbstretch_row\u00bb bg_cws_repeat=\u00bbno-repeat\u00bb bg_cws_size=\u00bbcontain\u00bb bg_image_position=\u00bbcenter_bottom\u00bb][vc_column][vc_column_text css=\u00bb.vc_custom_1720917649443{padding-top: 50px !important;background-position: center !important;background-repeat: no-repeat !important;background-size: cover !important;}\u00bb]\n<h3 class=\"widgettitle\" style=\"font-size: 40px; line-height: 0.8em; font-weight: 900; text-align: left;\"><span style=\"color: #656564;\"><img loading=\"lazy\" decoding=\"async\" class=\"alignnone wp-image-5989\" src=\"https:\/\/todosoft.com.uy\/site\/wp-content\/uploads\/2024\/05\/check-titulo.png\" alt=\"\" width=\"43\" height=\"29\" \/>\u00a0 DISPOSITIVOS <span style=\"color: #3089bf;\">CONTROL HORARIO<\/span><\/span><\/h3>\n[\/vc_column_text][vc_column_text css=\u00bb.vc_custom_1720917683026{margin-top: 20px !important;}\u00bb]\n<p style=\"font-size: 26px; line-height: 1.4em;\"><span style=\"color: #646464;\">Nuestro software facilita la gesti\u00f3n de informes <strong>desde diversos dispositivos de marcaci\u00f3n horaria. Elija entre varios tipos de registros de horario seg\u00fan sus necesidades.<\/strong><br \/>\n<\/span><\/p>\n[\/vc_column_text][\/vc_column][\/vc_row][vc_row full_width=\u00bbstretch_row_content\u00bb bg_cws_repeat=\u00bbno-repeat\u00bb bg_cws_size=\u00bbcontain\u00bb bg_image_position=\u00bbcenter_bottom\u00bb css=\u00bb.vc_custom_1720918035230{margin-top: -100px !important;padding-top: 20px !important;background-image: url(https:\/\/todosoft.com.uy\/site\/wp-content\/uploads\/2024\/05\/fondo-ondas-gris-claro-top.png?id=5994) !important;background-position: center !important;background-repeat: no-repeat !important;background-size: cover !important;}\u00bb][vc_column width=\u00bb1\/4&#8243;][\/vc_column][vc_column width=\u00bb3\/4&#8243; css=\u00bb.vc_custom_1717162872950{padding-bottom: 180px !important;}\u00bb][\/vc_column][\/vc_row][vc_row full_width=\u00bbstretch_row\u00bb content_placement=\u00bbmiddle\u00bb bg_cws_repeat=\u00bbno-repeat\u00bb bg_cws_size=\u00bbcontain\u00bb bg_image_position=\u00bbcenter_bottom\u00bb css=\u00bb.vc_custom_1720892755906{margin-top: -100px !important;padding-bottom: 50px !important;background-color: #f4f4f5 !important;}\u00bb][vc_column][vc_row_inner][vc_column_inner width=\u00bb1\/4&#8243;][vc_single_image image=\u00bb6345&#8243; img_size=\u00bb300*300&#8243; alignment=\u00bbcenter\u00bb style=\u00bbvc_box_border_circle\u00bb border_color=\u00bbsky\u00bb css=\u00bb.vc_custom_1720893727816{padding-top: 20px !important;padding-right: 5px !important;padding-bottom: 20px !important;padding-left: 5px !important;}\u00bb][vc_column_text css=\u00bb.vc_custom_1720918269037{margin-top: 40px !important;padding-right: 5px !important;padding-left: 5px !important;}\u00bb]\n<h3 class=\"widgettitle\" style=\"font-size: 26px; line-height: 0.8em; font-weight: 900; text-align: left;\"><span style=\"color: #656564;\">RECONOCIMIENTO<br \/>\n<span style=\"color: #3089bf;\">FACIAL<\/span><\/span><\/h3>\n<p style=\"font-size: 18px; line-height: 1.4em;\">Como tecnolog\u00eda biom\u00e9trica l\u00edder en el control de acceso por su <strong>rapidez, efectividad y versatilidad<\/strong>, no requiere contacto f\u00edsico, garantizando una experiencia segura. Ampliamente <strong>utilizada en industrias y sectores donde el uso de huella dactilar puede no ser viable.<\/strong><\/p>\n[\/vc_column_text][\/vc_column_inner][vc_column_inner width=\u00bb1\/4&#8243;][vc_single_image image=\u00bb6346&#8243; img_size=\u00bb300*300&#8243; alignment=\u00bbcenter\u00bb style=\u00bbvc_box_border_circle\u00bb border_color=\u00bbsky\u00bb css=\u00bb.vc_custom_1720893736759{padding-top: 20px !important;padding-right: 5px !important;padding-bottom: 20px !important;padding-left: 5px !important;}\u00bb][vc_column_text css=\u00bb.vc_custom_1720918277821{margin-top: 40px !important;padding-right: 5px !important;padding-left: 5px !important;}\u00bb]\n<h3 class=\"widgettitle\" style=\"font-size: 26px; line-height: 0.8em; font-weight: 900; text-align: left;\"><span style=\"color: #656564;\">HUELLA<br \/>\n<span style=\"color: #3089bf;\">DACTILAR<\/span><\/span><\/h3>\n<p style=\"font-size: 18px; line-height: 1.4em;\">La tecnolog\u00eda de huella dactilar garantiza una <strong>identificaci\u00f3n precisa y segura en el control de acceso<\/strong>, evitando fraudes y suplantaciones, con un proceso r\u00e1pido y eficiente para aumentar la seguridad en las instalaciones.<\/p>\n[\/vc_column_text][\/vc_column_inner][vc_column_inner width=\u00bb1\/4&#8243;][vc_single_image image=\u00bb6458&#8243; img_size=\u00bb300*300&#8243; alignment=\u00bbcenter\u00bb style=\u00bbvc_box_border_circle\u00bb border_color=\u00bbsky\u00bb css=\u00bb.vc_custom_1720918185437{padding-top: 20px !important;padding-right: 5px !important;padding-bottom: 20px !important;padding-left: 5px !important;}\u00bb][vc_column_text css=\u00bb.vc_custom_1720918287340{margin-top: 40px !important;padding-right: 5px !important;padding-left: 5px !important;}\u00bb]\n<h3 class=\"widgettitle\" style=\"font-size: 26px; line-height: 0.8em; font-weight: 900; text-align: left;\"><span style=\"color: #656564;\">TECNOLOG\u00cdA RFID<br \/>\n<span style=\"color: #3089bf;\">CORTO ALCANCE<\/span><\/span><\/h3>\n<p style=\"font-size: 18px; line-height: 1.4em;\">La tecnolog\u00eda RFID de corto alcance es perfecta para entornos que necesitan un <strong>control de asistencia r\u00e1pido y sin contacto directo. Con TAGS o tarjetas RFID<\/strong>, se marca la presencia de manera \u00e1gil y precisa, siendo muy \u00fatil en empresas con gran cantidad de personal para gestionar horarios eficientemente.<\/p>\n[\/vc_column_text][\/vc_column_inner][vc_column_inner width=\u00bb1\/4&#8243;][vc_single_image image=\u00bb6353&#8243; img_size=\u00bb300*300&#8243; alignment=\u00bbcenter\u00bb style=\u00bbvc_box_border_circle\u00bb border_color=\u00bbsky\u00bb css=\u00bb.vc_custom_1720893744537{padding-top: 20px !important;padding-right: 5px !important;padding-bottom: 20px !important;padding-left: 5px !important;}\u00bb][vc_column_text css=\u00bb.vc_custom_1720918364069{margin-top: 40px !important;padding-right: 5px !important;padding-left: 5px !important;}\u00bb]\n<h3 class=\"widgettitle\" style=\"font-size: 30px; line-height: 0.8em; font-weight: 900; text-align: left;\"><span style=\"color: #656564;\">QR<\/span><\/h3>\n<p style=\"font-size: 18px; line-height: 1.4em;\">El uso de c\u00f3digos QR para el control de acceso ofrece una <strong>soluci\u00f3n moderna y flexible.<\/strong> Los usuarios pueden escanear un c\u00f3digo QR con sus dispositivos m\u00f3viles para registrar su entrada o salida de forma sencilla y segura.<\/p>\n[\/vc_column_text][\/vc_column_inner][\/vc_row_inner][vc_row_inner][vc_column_inner]<div data-style='&quot;#ingenious_button_69f4841dacffe{\\n\\t\\t\\tcolor: #ffffff;\\n\\t\\t\\tbackground-color: #de813b;\\n\\t\\t\\tborder-color: rgba(0,157,230,0.01);\\n\\t\\t}#ingenious_button_69f4841dacffe &gt; i{\\n\\t\\t\\tcolor: #ffffff;\\n\\t\\t}#ingenious_button_69f4841dacffe.ingenious_button.swipe_left:before,\\n\\t\\t\\t#ingenious_button_69f4841dacffe.ingenious_button.swipe_right:before,\\n\\t\\t\\t#ingenious_button_69f4841dacffe.ingenious_button.swipe_top:before,\\n\\t\\t\\t#ingenious_button_69f4841dacffe.ingenious_button.swipe_bot:before,\\t\\n\\t\\t\\t#ingenious_button_69f4841dacffe.ingenious_button.smoosh:before,\\t\\t\\n\\t\\t\\t#ingenious_button_69f4841dacffe.ingenious_button.smoosh:after,\\t\\n\\t\\t\\t#ingenious_button_69f4841dacffe.ingenious_button.collision:before,\\t\\t\\n\\t\\t\\t#ingenious_button_69f4841dacffe.ingenious_button.collision:after,\\t\\t\\n\\t\\t\\t#ingenious_button_69f4841dacffe.ingenious_button.pos_aware span{background-color: #de813b;}#ingenious_button_69f4841dacffe.ingenious_button.swipe_diagonal:before{border-bottom-color: rgba(0,157,230,0.01);}#ingenious_button_69f4841dacffe.ingenious_button.close_diagonal:before,\\n\\t\\t\\t#ingenious_button_69f4841dacffe.ingenious_button.close_diagonal:after{border-bottom-color: rgba(0,157,230,0.01);border-top-color: rgba(0,157,230,0.01);}#ingenious_button_69f4841dacffe.ingenious_button.slice:before{border-left-color: rgba(0,157,230,0.01);}#ingenious_button_69f4841dacffe.ingenious_button.slice:after{border-right-color: rgba(0,157,230,0.01);}#ingenious_button_69f4841dacffe.ingenious_button.shadow{box-shadow: 0 0 40px 40px #de813b inset, 0 0 0 0 #de813b;}#ingenious_button_69f4841dacffe.ingenious_button.shadow_alt{box-shadow: 0 0 10px 0 #de813b inset, 0 0 10px 4px #de813b;}#ingenious_button_69f4841dacffe:not(.none_anim):hover{\\n\\t\\t\\tcolor: #de813b;\\n\\t\\t\\tbackground-color: #ffffff;\\n\\t\\t\\tborder-color: #de813b;\\t\\n\\t\\t}#ingenious_button_69f4841dacffe:hover &gt; i{\\n\\t\\t\\tcolor: #de813b;\\n\\t\\t}#ingenious_button_69f4841dacffe.ingenious_button.shadow:hover{box-shadow: 0 0 10px 0 #ffffff inset, 0 0 10px 4px #ffffff;}#ingenious_button_69f4841dacffe.ingenious_button.shadow_alt:hover{box-shadow: 0 0 40px 40px #ffffff inset, 0 0 10px 4px #ffffff;}&quot;' class='ingenious_button_wrapper render_styles aligncenter'><a href='mailto:comercial@todosoft.com.uy' id='ingenious_button_69f4841dacffe' class='ingenious_button large def_anim font-size: 30px;' target='_blank'>SOLICITAR ASESORAMIENTO&#x20;<i class='far fa-hand-pointer'><\/i><\/a><\/div>[\/vc_column_inner][\/vc_row_inner][\/vc_column][\/vc_row][vc_row full_width=\u00bbstretch_row_content\u00bb bg_cws_repeat=\u00bbno-repeat\u00bb bg_cws_size=\u00bbcontain\u00bb bg_image_position=\u00bbcenter_bottom\u00bb css=\u00bb.vc_custom_1720919072675{margin-top: -75px !important;margin-bottom: -30px !important;padding-top: 20px !important;background: #f4f4f5 url(https:\/\/todosoft.com.uy\/site\/wp-content\/uploads\/2024\/05\/fondo-ondas-azul-top.png?id=5992) !important;background-position: center !important;background-repeat: no-repeat !important;background-size: cover !important;}\u00bb][vc_column width=\u00bb1\/4&#8243;][\/vc_column][vc_column width=\u00bb3\/4&#8243; css=\u00bb.vc_custom_1717162872950{padding-bottom: 180px !important;}\u00bb][\/vc_column][\/vc_row][vc_row full_width=\u00bbstretch_row\u00bb css=\u00bb.vc_custom_1719979446603{margin-top: -70px !important;background-color: #3089bf !important;}\u00bb][vc_column][vc_column_text]\n<h3 style=\"text-align: center;\"><span style=\"color: #ffffff; font-size: 32px; line-height: 24px;\">EQUIPOS DE \u00daLTIMA GENERACI\u00d3N: TECNOLOG\u00cdA AVANZADA<br \/>\nPARA POTENCIAR SU RENDIMIENTO<\/span><\/h3>\n[\/vc_column_text][\/vc_column][\/vc_row][vc_row bg_cws_repeat=\u00bbno-repeat\u00bb bg_cws_size=\u00bbcover\u00bb bg_image_position=\u00bbcenter_center\u00bb css=\u00bb.vc_custom_1720892790824{margin-bottom: -50px !important;}\u00bb][vc_column][vc_single_image image=\u00bb6651&#8243; img_size=\u00bbfull\u00bb alignment=\u00bbcenter\u00bb][\/vc_column][\/vc_row][vc_row disable_element=\u00bbyes\u00bb css=\u00bb.vc_custom_1724201881091{margin-top: 30px !important;}\u00bb][vc_column width=\u00bb1\/6&#8243;][\/vc_column][vc_column width=\u00bb1\/6&#8243;][vc_single_image image=\u00bb6410&#8243; onclick=\u00bblink_image\u00bb][\/vc_column][vc_column width=\u00bb1\/6&#8243;][vc_single_image image=\u00bb6410&#8243; onclick=\u00bblink_image\u00bb][\/vc_column][vc_column width=\u00bb1\/6&#8243;][vc_single_image image=\u00bb6410&#8243; onclick=\u00bblink_image\u00bb][\/vc_column][vc_column width=\u00bb1\/6&#8243;][vc_single_image image=\u00bb6410&#8243; onclick=\u00bblink_image\u00bb][\/vc_column][vc_column width=\u00bb1\/6&#8243;][\/vc_column][\/vc_row][vc_row disable_element=\u00bbyes\u00bb][vc_column width=\u00bb1\/6&#8243;][\/vc_column][vc_column width=\u00bb1\/6&#8243;][vc_single_image image=\u00bb6410&#8243; onclick=\u00bblink_image\u00bb][\/vc_column][vc_column width=\u00bb1\/6&#8243;][vc_single_image image=\u00bb6410&#8243; onclick=\u00bblink_image\u00bb][\/vc_column][vc_column width=\u00bb1\/6&#8243;][vc_single_image image=\u00bb6410&#8243; onclick=\u00bblink_image\u00bb][\/vc_column][vc_column width=\u00bb1\/6&#8243;][vc_single_image image=\u00bb6410&#8243; onclick=\u00bblink_image\u00bb][\/vc_column][vc_column width=\u00bb1\/6&#8243;][\/vc_column][\/vc_row][vc_row bg_cws_repeat=\u00bbno-repeat\u00bb bg_cws_size=\u00bbcover\u00bb bg_image_position=\u00bbcenter_center\u00bb css=\u00bb.vc_custom_1720186700949{margin-top: 0px !important;margin-bottom: -100px !important;padding-bottom: 0px !important;}\u00bb][vc_column width=\u00bb1\/4&#8243;][\/vc_column][vc_column width=\u00bb1\/2&#8243;]<div data-style='&quot;#ingenious_button_69f4841dad064{\\n\\t\\t\\tcolor: #ffffff;\\n\\t\\t\\tbackground-color: #de813b;\\n\\t\\t\\tborder-color: rgba(0,157,230,0.01);\\n\\t\\t}#ingenious_button_69f4841dad064 &gt; i{\\n\\t\\t\\tcolor: #ffffff;\\n\\t\\t}#ingenious_button_69f4841dad064.ingenious_button.swipe_left:before,\\n\\t\\t\\t#ingenious_button_69f4841dad064.ingenious_button.swipe_right:before,\\n\\t\\t\\t#ingenious_button_69f4841dad064.ingenious_button.swipe_top:before,\\n\\t\\t\\t#ingenious_button_69f4841dad064.ingenious_button.swipe_bot:before,\\t\\n\\t\\t\\t#ingenious_button_69f4841dad064.ingenious_button.smoosh:before,\\t\\t\\n\\t\\t\\t#ingenious_button_69f4841dad064.ingenious_button.smoosh:after,\\t\\n\\t\\t\\t#ingenious_button_69f4841dad064.ingenious_button.collision:before,\\t\\t\\n\\t\\t\\t#ingenious_button_69f4841dad064.ingenious_button.collision:after,\\t\\t\\n\\t\\t\\t#ingenious_button_69f4841dad064.ingenious_button.pos_aware span{background-color: #de813b;}#ingenious_button_69f4841dad064.ingenious_button.swipe_diagonal:before{border-bottom-color: rgba(0,157,230,0.01);}#ingenious_button_69f4841dad064.ingenious_button.close_diagonal:before,\\n\\t\\t\\t#ingenious_button_69f4841dad064.ingenious_button.close_diagonal:after{border-bottom-color: rgba(0,157,230,0.01);border-top-color: rgba(0,157,230,0.01);}#ingenious_button_69f4841dad064.ingenious_button.slice:before{border-left-color: rgba(0,157,230,0.01);}#ingenious_button_69f4841dad064.ingenious_button.slice:after{border-right-color: rgba(0,157,230,0.01);}#ingenious_button_69f4841dad064.ingenious_button.shadow{box-shadow: 0 0 40px 40px #de813b inset, 0 0 0 0 #de813b;}#ingenious_button_69f4841dad064.ingenious_button.shadow_alt{box-shadow: 0 0 10px 0 #de813b inset, 0 0 10px 4px #de813b;}#ingenious_button_69f4841dad064:not(.none_anim):hover{\\n\\t\\t\\tcolor: #de813b;\\n\\t\\t\\tbackground-color: #ffffff;\\n\\t\\t\\tborder-color: #de813b;\\t\\n\\t\\t}#ingenious_button_69f4841dad064:hover &gt; i{\\n\\t\\t\\tcolor: #de813b;\\n\\t\\t}#ingenious_button_69f4841dad064.ingenious_button.shadow:hover{box-shadow: 0 0 10px 0 #ffffff inset, 0 0 10px 4px #ffffff;}#ingenious_button_69f4841dad064.ingenious_button.shadow_alt:hover{box-shadow: 0 0 40px 40px #ffffff inset, 0 0 10px 4px #ffffff;}&quot;' class='ingenious_button_wrapper render_styles aligncenter'><a href='mailto:comercial@todosoft.com.uy' id='ingenious_button_69f4841dad064' class='ingenious_button large def_anim font-size: 30px;' target='_blank'>SOLICITAR ASESORAMIENTO&#x20;<i class='far fa-hand-pointer'><\/i><\/a><\/div>[\/vc_column][vc_column width=\u00bb1\/4&#8243;][\/vc_column][\/vc_row][vc_row full_width=\u00bbstretch_row_content\u00bb bg_cws_repeat=\u00bbno-repeat\u00bb bg_cws_size=\u00bbcontain\u00bb bg_image_position=\u00bbcenter_bottom\u00bb css=\u00bb.vc_custom_1724201683994{margin-top: -50px !important;padding-top: 20px !important;background-image: url(https:\/\/todosoft.com.uy\/site\/wp-content\/uploads\/2024\/08\/fondo-ondas-gris-top-v2.png?id=7335) !important;}\u00bb][vc_column width=\u00bb1\/4&#8243;][\/vc_column][vc_column width=\u00bb3\/4&#8243; css=\u00bb.vc_custom_1717162872950{padding-bottom: 180px !important;}\u00bb][\/vc_column][\/vc_row][vc_row full_width=\u00bbstretch_row\u00bb content_placement=\u00bbmiddle\u00bb bg_cws_repeat=\u00bbno-repeat\u00bb bg_cws_size=\u00bbcontain\u00bb bg_image_position=\u00bbcenter_bottom\u00bb css=\u00bb.vc_custom_1724073479418{margin-top: -100px !important;margin-bottom: -50px !important;padding-bottom: 100px !important;background-color: #f4f4f5 !important;}\u00bb][vc_column][vc_column_text css=\u00bb.vc_custom_1717263220266{padding-top: 50px !important;background-position: center !important;background-repeat: no-repeat !important;background-size: cover !important;}\u00bb]\n<h3 class=\"widgettitle\" style=\"font-size: 40px; line-height: 0.8em; font-weight: 900; text-align: center;\"><span style=\"color: #656564;\">CONOZCA ALGUNOS DE <span style=\"color: #05639d;\">NUESTROS CASOS DE \u00c9XITO<\/span><\/span><\/h3>\n[\/vc_column_text][vc_row_inner][vc_column_inner width=\u00bb1\/4&#8243;][vc_single_image image=\u00bb5677&#8243; img_size=\u00bbfull\u00bb alignment=\u00bbcenter\u00bb style=\u00bbvc_box_border\u00bb border_color=\u00bborange\u00bb onclick=\u00bbcustom_link\u00bb img_link_target=\u00bb_blank\u00bb css=\u00bb\u00bb link=\u00bbhttps:\/\/todosoft.com.uy\/site\/upm-urudata-casos-de-exito\/\u00bb][\/vc_column_inner][vc_column_inner width=\u00bb1\/4&#8243;][vc_single_image image=\u00bb5676&#8243; img_size=\u00bbfull\u00bb alignment=\u00bbcenter\u00bb style=\u00bbvc_box_border\u00bb border_color=\u00bborange\u00bb onclick=\u00bbcustom_link\u00bb img_link_target=\u00bb_blank\u00bb css=\u00bb\u00bb link=\u00bbhttps:\/\/todosoft.com.uy\/site\/sanatorio-mautone-casos-de-exito\/\u00bb][\/vc_column_inner][vc_column_inner width=\u00bb1\/4&#8243;][vc_single_image image=\u00bb4795&#8243; img_size=\u00bbfull\u00bb alignment=\u00bbcenter\u00bb style=\u00bbvc_box_border\u00bb border_color=\u00bborange\u00bb onclick=\u00bbcustom_link\u00bb img_link_target=\u00bb_blank\u00bb css=\u00bb\u00bb link=\u00bbhttps:\/\/todosoft.com.uy\/site\/granjas-del-uruguay-casos-de-exito\/\u00bb][\/vc_column_inner][vc_column_inner width=\u00bb1\/4&#8243;][vc_single_image image=\u00bb5673&#8243; img_size=\u00bbfull\u00bb alignment=\u00bbcenter\u00bb style=\u00bbvc_box_border\u00bb border_color=\u00bborange\u00bb onclick=\u00bbcustom_link\u00bb img_link_target=\u00bb_blank\u00bb css=\u00bb\u00bb link=\u00bbhttps:\/\/todosoft.com.uy\/site\/antel-casos-de-exito\/\u00bb][\/vc_column_inner][\/vc_row_inner][vc_row_inner css=\u00bb.vc_custom_1722341562544{margin-top: -30px !important;}\u00bb][vc_column_inner width=\u00bb1\/4&#8243;][vc_single_image image=\u00bb7202&#8243; img_size=\u00bbfull\u00bb alignment=\u00bbcenter\u00bb style=\u00bbvc_box_border\u00bb border_color=\u00bborange\u00bb onclick=\u00bbcustom_link\u00bb img_link_target=\u00bb_blank\u00bb css=\u00bb\u00bb link=\u00bbhttps:\/\/todosoft.com.uy\/site\/upm-casos-de-exito\/\u00bb][\/vc_column_inner][vc_column_inner width=\u00bb1\/4&#8243;][vc_single_image image=\u00bb5674&#8243; img_size=\u00bbfull\u00bb alignment=\u00bbcenter\u00bb style=\u00bbvc_box_border\u00bb border_color=\u00bborange\u00bb onclick=\u00bbcustom_link\u00bb img_link_target=\u00bb_blank\u00bb css=\u00bb\u00bb link=\u00bbhttps:\/\/todosoft.com.uy\/site\/intendencia-de-montevideo-casos-de-exito\/\u00bb][\/vc_column_inner][vc_column_inner width=\u00bb1\/4&#8243;][vc_single_image image=\u00bb4791&#8243; img_size=\u00bbfull\u00bb alignment=\u00bbcenter\u00bb style=\u00bbvc_box_border\u00bb border_color=\u00bborange\u00bb onclick=\u00bbcustom_link\u00bb img_link_target=\u00bb_blank\u00bb css=\u00bb\u00bb link=\u00bb#\u00bb][\/vc_column_inner][vc_column_inner width=\u00bb1\/4&#8243;][vc_single_image image=\u00bb5675&#8243; img_size=\u00bbfull\u00bb alignment=\u00bbcenter\u00bb style=\u00bbvc_box_border\u00bb border_color=\u00bborange\u00bb onclick=\u00bbcustom_link\u00bb img_link_target=\u00bb_blank\u00bb css=\u00bb\u00bb link=\u00bbhttps:\/\/todosoft.com.uy\/site\/macromercado-casos-de-exito\/\u00bb][\/vc_column_inner][\/vc_row_inner][\/vc_column][\/vc_row]\n<\/div>","protected":false},"excerpt":{"rendered":"<p>[vc_row full_width=\u00bbstretch_row\u00bb bg_cws_repeat=\u00bbno-repeat\u00bb bg_cws_size=\u00bbcontain\u00bb bg_image_position=\u00bbcenter_bottom\u00bb][vc_column][vc_column_text css=\u00bb.vc_custom_1720917649443{padding-top: 50px !important;background-position: center !important;background-repeat: no-repeat !important;background-size: cover !important;}\u00bb] \u00a0 DISPOSITIVOS CONTROL HORARIO [\/vc_column_text][vc_column_text css=\u00bb.vc_custom_1720917683026{margin-top: 20px !important;}\u00bb] Nuestro software facilita la gesti\u00f3n de informes desde diversos dispositivos de marcaci\u00f3n horaria. Elija entre varios tipos de registros de horario seg\u00fan sus necesidades. [\/vc_column_text][\/vc_column][\/vc_row][vc_row full_width=\u00bbstretch_row_content\u00bb bg_cws_repeat=\u00bbno-repeat\u00bb bg_cws_size=\u00bbcontain\u00bb bg_image_position=\u00bbcenter_bottom\u00bb css=\u00bb.vc_custom_1720918035230{margin-top: -100px !important;padding-top: 20px [&hellip;]<\/p>\n","protected":false},"author":1,"featured_media":0,"parent":5241,"menu_order":0,"comment_status":"closed","ping_status":"closed","template":"","meta":{"footnotes":""},"class_list":["post-6640","page","type-page","status-publish","hentry"],"_links":{"self":[{"href":"https:\/\/todosoft.com.uy\/site\/wp-json\/wp\/v2\/pages\/6640","targetHints":{"allow":["GET"]}}],"collection":[{"href":"https:\/\/todosoft.com.uy\/site\/wp-json\/wp\/v2\/pages"}],"about":[{"href":"https:\/\/todosoft.com.uy\/site\/wp-json\/wp\/v2\/types\/page"}],"author":[{"embeddable":true,"href":"https:\/\/todosoft.com.uy\/site\/wp-json\/wp\/v2\/users\/1"}],"replies":[{"embeddable":true,"href":"https:\/\/todosoft.com.uy\/site\/wp-json\/wp\/v2\/comments?post=6640"}],"version-history":[{"count":14,"href":"https:\/\/todosoft.com.uy\/site\/wp-json\/wp\/v2\/pages\/6640\/revisions"}],"predecessor-version":[{"id":7400,"href":"https:\/\/todosoft.com.uy\/site\/wp-json\/wp\/v2\/pages\/6640\/revisions\/7400"}],"up":[{"embeddable":true,"href":"https:\/\/todosoft.com.uy\/site\/wp-json\/wp\/v2\/pages\/5241"}],"wp:attachment":[{"href":"https:\/\/todosoft.com.uy\/site\/wp-json\/wp\/v2\/media?parent=6640"}],"curies":[{"name":"wp","href":"https:\/\/api.w.org\/{rel}","templated":true}]}}