{"id":7219,"date":"2024-07-31T01:13:56","date_gmt":"2024-07-31T01:13:56","guid":{"rendered":"https:\/\/todosoft.com.uy\/site\/?page_id=7219"},"modified":"2024-07-31T02:42:15","modified_gmt":"2024-07-31T02:42:15","slug":"sanatorio-mautone-casos-de-exito","status":"publish","type":"page","link":"https:\/\/todosoft.com.uy\/site\/sanatorio-mautone-casos-de-exito\/","title":{"rendered":"Sanatorio Mautone &#8211; Casos de \u00c9xito"},"content":{"rendered":"<div class=\"wpb-content-wrapper\">[vc_row full_width=\u00bbstretch_row\u00bb content_placement=\u00bbmiddle\u00bb bg_cws_repeat=\u00bbno-repeat\u00bb bg_cws_size=\u00bbcontain\u00bb bg_image_position=\u00bbcenter_bottom\u00bb][vc_column][vc_row_inner][vc_column_inner][vc_column_text css=\u00bb.vc_custom_1722387551602{margin-top: 40px !important;}\u00bb]\n<p style=\"font-size: 26px; line-height: 1.4em;\"><strong>Sanatorio Mautone optimiza el control de sus activos textiles mediante tecnolog\u00eda RFID<\/strong><\/p>\n[\/vc_column_text][\/vc_column_inner][\/vc_row_inner][vc_single_image image=\u00bb7250&#8243; img_size=\u00bbfull\u00bb alignment=\u00bbcenter\u00bb css=\u00bb\u00bb][\/vc_column][\/vc_row][vc_row bg_cws_size=\u00bbcontain\u00bb bg_image_position=\u00bbcenter_top\u00bb][vc_column][vc_column_text css=\u00bb\u00bb]\n<p style=\"font-size: 20px; line-height: 1.4em;\"><strong style=\"font-size: 24px; line-height: 1.64em;\"><span style=\"color: #05639d;\">OBJETIVOS<\/span><br \/>\n<\/strong><\/p>\n<p>El Sanatorio Mautone, en Punta del Este, Maldonado, se enfrent\u00f3 al desaf\u00edo de rastrear el destino de las s\u00e1banas utilizadas. Esto se debe a que la industria de la salud demanda un minucioso proceso de identificaci\u00f3n para todos sus componentes, como uniformes y ropa de cama. Para optimizar la tarea manual de contar cada prenda que entra o sale, se implement\u00f3 nuestro sistema TS-RFID.<\/p>\n<p style=\"font-size: 20px; line-height: 1.4em;\"><strong style=\"font-size: 24px; line-height: 1.64em;\"><span style=\"color: #05639d;\">SOLUCI\u00d3N<\/span><br \/>\n<\/strong><\/p>\n<p>Este sistema permite la identificaci\u00f3n automatizada de las s\u00e1banas que se dirigen al lavadero externo que pasan por la cinta transportadora con equipamiento de RFID dise\u00f1ada por nuestra empresa, y las que ingresan del mismo a nivel de ropa limpia. Se llevan a cabo conteos, validaciones y verificaciones automatizadas gracias a la tecnolog\u00eda RFID.<\/p>\n<p style=\"font-size: 20px; line-height: 1.4em;\"><strong style=\"font-size: 24px; line-height: 1.64em;\"><span style=\"color: #05639d;\">RESULTADO<\/span><br \/>\n<\/strong><\/p>\n<p>Los resultados de este sistema altamente eficiente incluyeron la validaci\u00f3n de los conteos, la identificaci\u00f3n de posibles p\u00e9rdidas de prendas y la mejora de los procesos de trabajo, adem\u00e1s de preservar la salud del personal involucrado.<br \/>\n[\/vc_column_text][\/vc_column][\/vc_row][vc_row][vc_column width=\u00bb1\/4&#8243;][vc_single_image image=\u00bb7224&#8243; img_size=\u00bbfull\u00bb alignment=\u00bbcenter\u00bb onclick=\u00bblink_image\u00bb css=\u00bb\u00bb][\/vc_column][vc_column width=\u00bb1\/4&#8243;][vc_single_image image=\u00bb7221&#8243; img_size=\u00bbfull\u00bb alignment=\u00bbcenter\u00bb onclick=\u00bblink_image\u00bb css=\u00bb\u00bb][\/vc_column][vc_column width=\u00bb1\/4&#8243;][vc_single_image image=\u00bb7222&#8243; img_size=\u00bbfull\u00bb alignment=\u00bbcenter\u00bb onclick=\u00bblink_image\u00bb css=\u00bb\u00bb][\/vc_column][vc_column width=\u00bb1\/4&#8243;][vc_single_image image=\u00bb7223&#8243; img_size=\u00bbfull\u00bb alignment=\u00bbcenter\u00bb onclick=\u00bblink_image\u00bb css=\u00bb\u00bb][\/vc_column][\/vc_row][vc_row bg_cws_repeat=\u00bbno-repeat\u00bb bg_cws_size=\u00bbcover\u00bb bg_image_position=\u00bbcenter_center\u00bb css=\u00bb.vc_custom_1722345269634{padding-bottom: 10px !important;}\u00bb][vc_column width=\u00bb1\/4&#8243;][\/vc_column][vc_column width=\u00bb1\/2&#8243;]<div data-style='&quot;#ingenious_button_69f4825dec15a{\\n\\t\\t\\tcolor: #ffffff;\\n\\t\\t\\tbackground-color: #de813b;\\n\\t\\t\\tborder-color: rgba(0,157,230,0.01);\\n\\t\\t}#ingenious_button_69f4825dec15a &gt; i{\\n\\t\\t\\tcolor: #ffffff;\\n\\t\\t}#ingenious_button_69f4825dec15a.ingenious_button.swipe_left:before,\\n\\t\\t\\t#ingenious_button_69f4825dec15a.ingenious_button.swipe_right:before,\\n\\t\\t\\t#ingenious_button_69f4825dec15a.ingenious_button.swipe_top:before,\\n\\t\\t\\t#ingenious_button_69f4825dec15a.ingenious_button.swipe_bot:before,\\t\\n\\t\\t\\t#ingenious_button_69f4825dec15a.ingenious_button.smoosh:before,\\t\\t\\n\\t\\t\\t#ingenious_button_69f4825dec15a.ingenious_button.smoosh:after,\\t\\n\\t\\t\\t#ingenious_button_69f4825dec15a.ingenious_button.collision:before,\\t\\t\\n\\t\\t\\t#ingenious_button_69f4825dec15a.ingenious_button.collision:after,\\t\\t\\n\\t\\t\\t#ingenious_button_69f4825dec15a.ingenious_button.pos_aware span{background-color: #de813b;}#ingenious_button_69f4825dec15a.ingenious_button.swipe_diagonal:before{border-bottom-color: rgba(0,157,230,0.01);}#ingenious_button_69f4825dec15a.ingenious_button.close_diagonal:before,\\n\\t\\t\\t#ingenious_button_69f4825dec15a.ingenious_button.close_diagonal:after{border-bottom-color: rgba(0,157,230,0.01);border-top-color: rgba(0,157,230,0.01);}#ingenious_button_69f4825dec15a.ingenious_button.slice:before{border-left-color: rgba(0,157,230,0.01);}#ingenious_button_69f4825dec15a.ingenious_button.slice:after{border-right-color: rgba(0,157,230,0.01);}#ingenious_button_69f4825dec15a.ingenious_button.shadow{box-shadow: 0 0 40px 40px #de813b inset, 0 0 0 0 #de813b;}#ingenious_button_69f4825dec15a.ingenious_button.shadow_alt{box-shadow: 0 0 10px 0 #de813b inset, 0 0 10px 4px #de813b;}#ingenious_button_69f4825dec15a:not(.none_anim):hover{\\n\\t\\t\\tcolor: #de813b;\\n\\t\\t\\tbackground-color: #ffffff;\\n\\t\\t\\tborder-color: #de813b;\\t\\n\\t\\t}#ingenious_button_69f4825dec15a:hover &gt; i{\\n\\t\\t\\tcolor: #de813b;\\n\\t\\t}#ingenious_button_69f4825dec15a.ingenious_button.shadow:hover{box-shadow: 0 0 10px 0 #ffffff inset, 0 0 10px 4px #ffffff;}#ingenious_button_69f4825dec15a.ingenious_button.shadow_alt:hover{box-shadow: 0 0 40px 40px #ffffff inset, 0 0 10px 4px #ffffff;}&quot;' class='ingenious_button_wrapper render_styles aligncenter'><a href='https:\/\/todosoft.com.uy\/site\/contacto\/' id='ingenious_button_69f4825dec15a' class='ingenious_button large def_anim font-size: 24px;'>SOLICITAR ASESORAMIENTO&#x20;<i class='far fa-hand-pointer'><\/i><\/a><\/div>[\/vc_column][vc_column width=\u00bb1\/4&#8243;][\/vc_column][\/vc_row][vc_row bg_cws_repeat=\u00bbno-repeat\u00bb bg_cws_size=\u00bbcover\u00bb bg_image_position=\u00bbcenter_center\u00bb css=\u00bb.vc_custom_1717259956396{padding-bottom: 50px !important;}\u00bb][vc_column width=\u00bb1\/4&#8243;][\/vc_column][vc_column width=\u00bb1\/2&#8243;]<div data-style='&quot;#ingenious_button_69f4825dec1b4{\\n\\t\\t\\tcolor: #808080;\\n\\t\\t\\tbackground-color: #ffffff;\\n\\t\\t\\tborder-color: #ffffff;\\n\\t\\t}#ingenious_button_69f4825dec1b4 &gt; i{\\n\\t\\t\\tcolor: #808080;\\n\\t\\t}#ingenious_button_69f4825dec1b4.ingenious_button.swipe_left:before,\\n\\t\\t\\t#ingenious_button_69f4825dec1b4.ingenious_button.swipe_right:before,\\n\\t\\t\\t#ingenious_button_69f4825dec1b4.ingenious_button.swipe_top:before,\\n\\t\\t\\t#ingenious_button_69f4825dec1b4.ingenious_button.swipe_bot:before,\\t\\n\\t\\t\\t#ingenious_button_69f4825dec1b4.ingenious_button.smoosh:before,\\t\\t\\n\\t\\t\\t#ingenious_button_69f4825dec1b4.ingenious_button.smoosh:after,\\t\\n\\t\\t\\t#ingenious_button_69f4825dec1b4.ingenious_button.collision:before,\\t\\t\\n\\t\\t\\t#ingenious_button_69f4825dec1b4.ingenious_button.collision:after,\\t\\t\\n\\t\\t\\t#ingenious_button_69f4825dec1b4.ingenious_button.pos_aware span{background-color: #ffffff;}#ingenious_button_69f4825dec1b4.ingenious_button.swipe_diagonal:before{border-bottom-color: #ffffff;}#ingenious_button_69f4825dec1b4.ingenious_button.close_diagonal:before,\\n\\t\\t\\t#ingenious_button_69f4825dec1b4.ingenious_button.close_diagonal:after{border-bottom-color: #ffffff;border-top-color: #ffffff;}#ingenious_button_69f4825dec1b4.ingenious_button.slice:before{border-left-color: #ffffff;}#ingenious_button_69f4825dec1b4.ingenious_button.slice:after{border-right-color: #ffffff;}#ingenious_button_69f4825dec1b4.ingenious_button.shadow{box-shadow: 0 0 40px 40px #ffffff inset, 0 0 0 0 #ffffff;}#ingenious_button_69f4825dec1b4.ingenious_button.shadow_alt{box-shadow: 0 0 10px 0 #ffffff inset, 0 0 10px 4px #ffffff;}#ingenious_button_69f4825dec1b4:not(.none_anim):hover{\\n\\t\\t\\tcolor: #009de6;\\n\\t\\t\\tbackground-color: #ffffff;\\n\\t\\t\\tborder-color: #ffffff;\\t\\n\\t\\t}#ingenious_button_69f4825dec1b4:hover &gt; i{\\n\\t\\t\\tcolor: #009de6;\\n\\t\\t}#ingenious_button_69f4825dec1b4.ingenious_button.shadow:hover{box-shadow: 0 0 10px 0 #ffffff inset, 0 0 10px 4px #ffffff;}#ingenious_button_69f4825dec1b4.ingenious_button.shadow_alt:hover{box-shadow: 0 0 40px 40px #ffffff inset, 0 0 10px 4px #ffffff;}&quot;' class='ingenious_button_wrapper render_styles aligncenter'><a href='https:\/\/todosoft.com.uy\/site\/empresa\/#casos-exito' id='ingenious_button_69f4825dec1b4' class='ingenious_button small def_anim font-size: 18px;'>Ver m\u00e0s casos de \u00e8xito<\/a><\/div>[\/vc_column][vc_column width=\u00bb1\/4&#8243;][\/vc_column][\/vc_row]\n<\/div>","protected":false},"excerpt":{"rendered":"<p>[vc_row full_width=\u00bbstretch_row\u00bb content_placement=\u00bbmiddle\u00bb bg_cws_repeat=\u00bbno-repeat\u00bb bg_cws_size=\u00bbcontain\u00bb bg_image_position=\u00bbcenter_bottom\u00bb][vc_column][vc_row_inner][vc_column_inner][vc_column_text css=\u00bb.vc_custom_1722387551602{margin-top: 40px !important;}\u00bb] Sanatorio Mautone optimiza el control de sus activos textiles mediante tecnolog\u00eda RFID [\/vc_column_text][\/vc_column_inner][\/vc_row_inner][vc_single_image image=\u00bb7250&#8243; img_size=\u00bbfull\u00bb alignment=\u00bbcenter\u00bb css=\u00bb\u00bb][\/vc_column][\/vc_row][vc_row bg_cws_size=\u00bbcontain\u00bb bg_image_position=\u00bbcenter_top\u00bb][vc_column][vc_column_text css=\u00bb\u00bb] OBJETIVOS El Sanatorio Mautone, en Punta del Este, Maldonado, se enfrent\u00f3 al desaf\u00edo de rastrear el destino de las s\u00e1banas utilizadas. Esto se debe a que [&hellip;]<\/p>\n","protected":false},"author":1,"featured_media":0,"parent":0,"menu_order":0,"comment_status":"closed","ping_status":"closed","template":"","meta":{"footnotes":""},"class_list":["post-7219","page","type-page","status-publish","hentry"],"_links":{"self":[{"href":"https:\/\/todosoft.com.uy\/site\/wp-json\/wp\/v2\/pages\/7219","targetHints":{"allow":["GET"]}}],"collection":[{"href":"https:\/\/todosoft.com.uy\/site\/wp-json\/wp\/v2\/pages"}],"about":[{"href":"https:\/\/todosoft.com.uy\/site\/wp-json\/wp\/v2\/types\/page"}],"author":[{"embeddable":true,"href":"https:\/\/todosoft.com.uy\/site\/wp-json\/wp\/v2\/users\/1"}],"replies":[{"embeddable":true,"href":"https:\/\/todosoft.com.uy\/site\/wp-json\/wp\/v2\/comments?post=7219"}],"version-history":[{"count":4,"href":"https:\/\/todosoft.com.uy\/site\/wp-json\/wp\/v2\/pages\/7219\/revisions"}],"predecessor-version":[{"id":7286,"href":"https:\/\/todosoft.com.uy\/site\/wp-json\/wp\/v2\/pages\/7219\/revisions\/7286"}],"wp:attachment":[{"href":"https:\/\/todosoft.com.uy\/site\/wp-json\/wp\/v2\/media?parent=7219"}],"curies":[{"name":"wp","href":"https:\/\/api.w.org\/{rel}","templated":true}]}}