{"id":7232,"date":"2024-07-31T01:25:09","date_gmt":"2024-07-31T01:25:09","guid":{"rendered":"https:\/\/todosoft.com.uy\/site\/?page_id=7232"},"modified":"2024-07-31T02:43:01","modified_gmt":"2024-07-31T02:43:01","slug":"granjas-del-uruguay-casos-de-exito","status":"publish","type":"page","link":"https:\/\/todosoft.com.uy\/site\/granjas-del-uruguay-casos-de-exito\/","title":{"rendered":"Granjas del Uruguay &#8211; Casos de \u00c9xito"},"content":{"rendered":"<div class=\"wpb-content-wrapper\">[vc_row full_width=\u00bbstretch_row\u00bb content_placement=\u00bbmiddle\u00bb bg_cws_repeat=\u00bbno-repeat\u00bb bg_cws_size=\u00bbcontain\u00bb bg_image_position=\u00bbcenter_bottom\u00bb][vc_column][vc_row_inner][vc_column_inner][vc_column_text css=\u00bb.vc_custom_1722388719147{margin-top: 40px !important;}\u00bb]\n<p style=\"font-size: 26px; line-height: 1.4em;\"><strong>Granjas del Uruguay implement\u00f3 el 1er. sistema de Etiquetas Electr\u00f3nicas de Precio del Uruguay.<\/strong><\/p>\n[\/vc_column_text][\/vc_column_inner][\/vc_row_inner][vc_single_image image=\u00bb7241&#8243; img_size=\u00bbfull\u00bb alignment=\u00bbcenter\u00bb css=\u00bb\u00bb][\/vc_column][\/vc_row][vc_row bg_cws_size=\u00bbcontain\u00bb bg_image_position=\u00bbcenter_top\u00bb][vc_column][vc_column_text css=\u00bb\u00bb]\n<p style=\"font-size: 20px; line-height: 1.4em;\"><strong style=\"font-size: 24px; line-height: 1.64em;\"><span style=\"color: #05639d;\">EMPRESA<\/span><br \/>\n<\/strong><\/p>\n<p><strong>Granjas del Uruguay, una empresa dedicada a la comercializaci\u00f3n de frutas y verduras,<\/strong> contando con una log\u00edstica propia y varios locales de venta al p\u00fablico. Uno de sus principales puntos de venta estaba ubicado en el Mercado Agr\u00edcola de Montevideo, recientemente lo que exig\u00eda una infraestructura acorde a los est\u00e1ndares actuales.<\/p>\n<p style=\"font-size: 20px; line-height: 1.4em;\"><strong style=\"font-size: 24px; line-height: 1.64em;\"><span style=\"color: #05639d;\">OBJETIVOS<\/span><br \/>\n<\/strong><\/p>\n<p><strong>El principal desaf\u00edo era manejar la constante variaci\u00f3n de precios en sus productos frescos.<\/strong> Los precios de las frutas y verduras pueden cambiar varias veces en un solo d\u00eda, lo que hac\u00eda que la tarea de asignaci\u00f3n de precios fuera tediosa y compleja. La empresa buscaba una soluci\u00f3n que permitiera gestionar los precios de manera eficiente y reducir la carga de trabajo manual asociada a este proceso.<\/p>\n<p style=\"font-size: 20px; line-height: 1.4em;\"><strong style=\"font-size: 24px; line-height: 1.64em;\"><span style=\"color: #05639d;\">SOLUCI\u00d3N<\/span><br \/>\n<\/strong><\/p>\n<p><strong>Para abordar este desaf\u00edo, Granjas del Uruguay implement\u00f3 etiquetas electr\u00f3nicas de precios.<\/strong> Esta soluci\u00f3n no solo permite identificar el precio de los productos, sino tambi\u00e9n gestionar el stock, el planograma (ubicaci\u00f3n del producto en las g\u00f3ndolas), la fecha de \u00faltima reposici\u00f3n, informaci\u00f3n t\u00e9cnica y activar o desactivar promociones o descuentos en horarios espec\u00edficos con solo apretar un bot\u00f3n.<br \/>\nLa plataforma se basa en un protocolo de comunicaci\u00f3n bi-direccional que asegura una trazabilidad completa de los cambios realizados y una administraci\u00f3n efectiva de los recursos. Granjas del Uruguay instal\u00f3 etiquetas electr\u00f3nicas de alta gama, junto con la infraestructura de comunicaci\u00f3n y el software correspondiente, que recibe autom\u00e1ticamente la informaci\u00f3n de los productos y sus precios todos los d\u00edas.<\/p>\n<p style=\"font-size: 20px; line-height: 1.4em;\"><strong style=\"font-size: 24px; line-height: 1.64em;\"><span style=\"color: #05639d;\">RESULTADO<\/span><br \/>\n<\/strong><\/p>\n<p><strong>Gracias a esta implementaci\u00f3n, la empresa no solo pudo identificar los precios de todos sus productos diariamente, sino que tambi\u00e9n optimiz\u00f3 sus recursos humanos:<\/strong> \u201cAntes ten\u00eda que tener una persona encargada de esta labor y ahora es todo mucho m\u00e1s f\u00e1cil.\u201d La soluci\u00f3n permiti\u00f3 significativamente la eficiencia y la gesti\u00f3n de precios en sus locales.[\/vc_column_text][\/vc_column][\/vc_row][vc_row][vc_column width=\u00bb1\/4&#8243;][vc_single_image image=\u00bb7233&#8243; img_size=\u00bbfull\u00bb alignment=\u00bbcenter\u00bb onclick=\u00bblink_image\u00bb css=\u00bb\u00bb][\/vc_column][vc_column width=\u00bb1\/4&#8243;][vc_single_image image=\u00bb7235&#8243; img_size=\u00bbfull\u00bb alignment=\u00bbcenter\u00bb onclick=\u00bblink_image\u00bb css=\u00bb\u00bb][\/vc_column][vc_column width=\u00bb1\/4&#8243;][vc_single_image image=\u00bb7236&#8243; img_size=\u00bbfull\u00bb alignment=\u00bbcenter\u00bb onclick=\u00bblink_image\u00bb css=\u00bb\u00bb][\/vc_column][vc_column width=\u00bb1\/4&#8243;][vc_single_image image=\u00bb7234&#8243; img_size=\u00bbfull\u00bb alignment=\u00bbcenter\u00bb onclick=\u00bblink_image\u00bb css=\u00bb\u00bb][\/vc_column][\/vc_row][vc_row bg_cws_repeat=\u00bbno-repeat\u00bb bg_cws_size=\u00bbcover\u00bb bg_image_position=\u00bbcenter_center\u00bb css=\u00bb.vc_custom_1722345269634{padding-bottom: 10px !important;}\u00bb][vc_column width=\u00bb1\/4&#8243;][\/vc_column][vc_column width=\u00bb1\/2&#8243;]<div data-style='&quot;#ingenious_button_69f48234a65bb{\\n\\t\\t\\tcolor: #ffffff;\\n\\t\\t\\tbackground-color: #de813b;\\n\\t\\t\\tborder-color: rgba(0,157,230,0.01);\\n\\t\\t}#ingenious_button_69f48234a65bb &gt; i{\\n\\t\\t\\tcolor: #ffffff;\\n\\t\\t}#ingenious_button_69f48234a65bb.ingenious_button.swipe_left:before,\\n\\t\\t\\t#ingenious_button_69f48234a65bb.ingenious_button.swipe_right:before,\\n\\t\\t\\t#ingenious_button_69f48234a65bb.ingenious_button.swipe_top:before,\\n\\t\\t\\t#ingenious_button_69f48234a65bb.ingenious_button.swipe_bot:before,\\t\\n\\t\\t\\t#ingenious_button_69f48234a65bb.ingenious_button.smoosh:before,\\t\\t\\n\\t\\t\\t#ingenious_button_69f48234a65bb.ingenious_button.smoosh:after,\\t\\n\\t\\t\\t#ingenious_button_69f48234a65bb.ingenious_button.collision:before,\\t\\t\\n\\t\\t\\t#ingenious_button_69f48234a65bb.ingenious_button.collision:after,\\t\\t\\n\\t\\t\\t#ingenious_button_69f48234a65bb.ingenious_button.pos_aware span{background-color: #de813b;}#ingenious_button_69f48234a65bb.ingenious_button.swipe_diagonal:before{border-bottom-color: rgba(0,157,230,0.01);}#ingenious_button_69f48234a65bb.ingenious_button.close_diagonal:before,\\n\\t\\t\\t#ingenious_button_69f48234a65bb.ingenious_button.close_diagonal:after{border-bottom-color: rgba(0,157,230,0.01);border-top-color: rgba(0,157,230,0.01);}#ingenious_button_69f48234a65bb.ingenious_button.slice:before{border-left-color: rgba(0,157,230,0.01);}#ingenious_button_69f48234a65bb.ingenious_button.slice:after{border-right-color: rgba(0,157,230,0.01);}#ingenious_button_69f48234a65bb.ingenious_button.shadow{box-shadow: 0 0 40px 40px #de813b inset, 0 0 0 0 #de813b;}#ingenious_button_69f48234a65bb.ingenious_button.shadow_alt{box-shadow: 0 0 10px 0 #de813b inset, 0 0 10px 4px #de813b;}#ingenious_button_69f48234a65bb:not(.none_anim):hover{\\n\\t\\t\\tcolor: #de813b;\\n\\t\\t\\tbackground-color: #ffffff;\\n\\t\\t\\tborder-color: #de813b;\\t\\n\\t\\t}#ingenious_button_69f48234a65bb:hover &gt; i{\\n\\t\\t\\tcolor: #de813b;\\n\\t\\t}#ingenious_button_69f48234a65bb.ingenious_button.shadow:hover{box-shadow: 0 0 10px 0 #ffffff inset, 0 0 10px 4px #ffffff;}#ingenious_button_69f48234a65bb.ingenious_button.shadow_alt:hover{box-shadow: 0 0 40px 40px #ffffff inset, 0 0 10px 4px #ffffff;}&quot;' class='ingenious_button_wrapper render_styles aligncenter'><a href='https:\/\/todosoft.com.uy\/site\/contacto\/' id='ingenious_button_69f48234a65bb' class='ingenious_button large def_anim font-size: 24px;'>SOLICITAR ASESORAMIENTO&#x20;<i class='far fa-hand-pointer'><\/i><\/a><\/div>[\/vc_column][vc_column width=\u00bb1\/4&#8243;][\/vc_column][\/vc_row][vc_row bg_cws_repeat=\u00bbno-repeat\u00bb bg_cws_size=\u00bbcover\u00bb bg_image_position=\u00bbcenter_center\u00bb css=\u00bb.vc_custom_1717259956396{padding-bottom: 50px !important;}\u00bb][vc_column width=\u00bb1\/4&#8243;][\/vc_column][vc_column width=\u00bb1\/2&#8243;]<div data-style='&quot;#ingenious_button_69f48234a6620{\\n\\t\\t\\tcolor: #808080;\\n\\t\\t\\tbackground-color: #ffffff;\\n\\t\\t\\tborder-color: #ffffff;\\n\\t\\t}#ingenious_button_69f48234a6620 &gt; i{\\n\\t\\t\\tcolor: #808080;\\n\\t\\t}#ingenious_button_69f48234a6620.ingenious_button.swipe_left:before,\\n\\t\\t\\t#ingenious_button_69f48234a6620.ingenious_button.swipe_right:before,\\n\\t\\t\\t#ingenious_button_69f48234a6620.ingenious_button.swipe_top:before,\\n\\t\\t\\t#ingenious_button_69f48234a6620.ingenious_button.swipe_bot:before,\\t\\n\\t\\t\\t#ingenious_button_69f48234a6620.ingenious_button.smoosh:before,\\t\\t\\n\\t\\t\\t#ingenious_button_69f48234a6620.ingenious_button.smoosh:after,\\t\\n\\t\\t\\t#ingenious_button_69f48234a6620.ingenious_button.collision:before,\\t\\t\\n\\t\\t\\t#ingenious_button_69f48234a6620.ingenious_button.collision:after,\\t\\t\\n\\t\\t\\t#ingenious_button_69f48234a6620.ingenious_button.pos_aware span{background-color: #ffffff;}#ingenious_button_69f48234a6620.ingenious_button.swipe_diagonal:before{border-bottom-color: #ffffff;}#ingenious_button_69f48234a6620.ingenious_button.close_diagonal:before,\\n\\t\\t\\t#ingenious_button_69f48234a6620.ingenious_button.close_diagonal:after{border-bottom-color: #ffffff;border-top-color: #ffffff;}#ingenious_button_69f48234a6620.ingenious_button.slice:before{border-left-color: #ffffff;}#ingenious_button_69f48234a6620.ingenious_button.slice:after{border-right-color: #ffffff;}#ingenious_button_69f48234a6620.ingenious_button.shadow{box-shadow: 0 0 40px 40px #ffffff inset, 0 0 0 0 #ffffff;}#ingenious_button_69f48234a6620.ingenious_button.shadow_alt{box-shadow: 0 0 10px 0 #ffffff inset, 0 0 10px 4px #ffffff;}#ingenious_button_69f48234a6620:not(.none_anim):hover{\\n\\t\\t\\tcolor: #009de6;\\n\\t\\t\\tbackground-color: #ffffff;\\n\\t\\t\\tborder-color: #ffffff;\\t\\n\\t\\t}#ingenious_button_69f48234a6620:hover &gt; i{\\n\\t\\t\\tcolor: #009de6;\\n\\t\\t}#ingenious_button_69f48234a6620.ingenious_button.shadow:hover{box-shadow: 0 0 10px 0 #ffffff inset, 0 0 10px 4px #ffffff;}#ingenious_button_69f48234a6620.ingenious_button.shadow_alt:hover{box-shadow: 0 0 40px 40px #ffffff inset, 0 0 10px 4px #ffffff;}&quot;' class='ingenious_button_wrapper render_styles aligncenter'><a href='https:\/\/todosoft.com.uy\/site\/empresa\/#casos-exito' id='ingenious_button_69f48234a6620' class='ingenious_button small def_anim font-size: 18px;'>Ver m\u00e0s casos de \u00e8xito<\/a><\/div>[\/vc_column][vc_column width=\u00bb1\/4&#8243;][\/vc_column][\/vc_row]\n<\/div>","protected":false},"excerpt":{"rendered":"<p>[vc_row full_width=\u00bbstretch_row\u00bb content_placement=\u00bbmiddle\u00bb bg_cws_repeat=\u00bbno-repeat\u00bb bg_cws_size=\u00bbcontain\u00bb bg_image_position=\u00bbcenter_bottom\u00bb][vc_column][vc_row_inner][vc_column_inner][vc_column_text css=\u00bb.vc_custom_1722388719147{margin-top: 40px !important;}\u00bb] Granjas del Uruguay implement\u00f3 el 1er. sistema de Etiquetas Electr\u00f3nicas de Precio del Uruguay. [\/vc_column_text][\/vc_column_inner][\/vc_row_inner][vc_single_image image=\u00bb7241&#8243; img_size=\u00bbfull\u00bb alignment=\u00bbcenter\u00bb css=\u00bb\u00bb][\/vc_column][\/vc_row][vc_row bg_cws_size=\u00bbcontain\u00bb bg_image_position=\u00bbcenter_top\u00bb][vc_column][vc_column_text css=\u00bb\u00bb] EMPRESA Granjas del Uruguay, una empresa dedicada a la comercializaci\u00f3n de frutas y verduras, contando con una log\u00edstica propia y varios locales de venta [&hellip;]<\/p>\n","protected":false},"author":1,"featured_media":0,"parent":0,"menu_order":0,"comment_status":"closed","ping_status":"closed","template":"","meta":{"footnotes":""},"class_list":["post-7232","page","type-page","status-publish","hentry"],"_links":{"self":[{"href":"https:\/\/todosoft.com.uy\/site\/wp-json\/wp\/v2\/pages\/7232","targetHints":{"allow":["GET"]}}],"collection":[{"href":"https:\/\/todosoft.com.uy\/site\/wp-json\/wp\/v2\/pages"}],"about":[{"href":"https:\/\/todosoft.com.uy\/site\/wp-json\/wp\/v2\/types\/page"}],"author":[{"embeddable":true,"href":"https:\/\/todosoft.com.uy\/site\/wp-json\/wp\/v2\/users\/1"}],"replies":[{"embeddable":true,"href":"https:\/\/todosoft.com.uy\/site\/wp-json\/wp\/v2\/comments?post=7232"}],"version-history":[{"count":4,"href":"https:\/\/todosoft.com.uy\/site\/wp-json\/wp\/v2\/pages\/7232\/revisions"}],"predecessor-version":[{"id":7289,"href":"https:\/\/todosoft.com.uy\/site\/wp-json\/wp\/v2\/pages\/7232\/revisions\/7289"}],"wp:attachment":[{"href":"https:\/\/todosoft.com.uy\/site\/wp-json\/wp\/v2\/media?parent=7232"}],"curies":[{"name":"wp","href":"https:\/\/api.w.org\/{rel}","templated":true}]}}