{"id":7273,"date":"2024-07-31T02:21:24","date_gmt":"2024-07-31T02:21:24","guid":{"rendered":"https:\/\/todosoft.com.uy\/site\/?page_id=7273"},"modified":"2024-08-21T00:42:05","modified_gmt":"2024-08-21T00:42:05","slug":"macromercado-casos-de-exito","status":"publish","type":"page","link":"https:\/\/todosoft.com.uy\/site\/macromercado-casos-de-exito\/","title":{"rendered":"Macromercado &#8211; Casos de \u00c9xito"},"content":{"rendered":"<div class=\"wpb-content-wrapper\">[vc_row full_width=\u00bbstretch_row\u00bb content_placement=\u00bbmiddle\u00bb bg_cws_repeat=\u00bbno-repeat\u00bb bg_cws_size=\u00bbcontain\u00bb bg_image_position=\u00bbcenter_bottom\u00bb][vc_column][vc_row_inner][vc_column_inner][vc_column_text css=\u00bb.vc_custom_1722392351315{margin-top: 40px !important;}\u00bb]\n<p style=\"font-size: 26px; line-height: 1.4em;\"><strong>Macromercado optimiz\u00f3 su registro horario con nuestro Software TS-Identix implementando tecnolog\u00eda biom\u00e9trica<\/strong><\/p>\n[\/vc_column_text][\/vc_column_inner][\/vc_row_inner][vc_video link=\u00bbhttps:\/\/youtu.be\/Uss4-mVAeeQ\u00bb align=\u00bbcenter\u00bb css=\u00bb\u00bb][\/vc_column][\/vc_row][vc_row bg_cws_size=\u00bbcontain\u00bb bg_image_position=\u00bbcenter_top\u00bb][vc_column][vc_column_text css=\u00bb\u00bb]\n<p style=\"font-size: 20px; line-height: 1.4em;\"><strong style=\"font-size: 24px; line-height: 1.64em;\"><span style=\"color: #05639d;\">EMPRESA<\/span><br \/>\n<\/strong><\/p>\n<p>Macromercado es una de las cadenas de supermercados m\u00e1s importantes del Uruguay, con 7 sucursales en Montevideo y el interior del pa\u00eds.<\/p>\n<p style=\"font-size: 20px; line-height: 1.4em;\"><strong style=\"font-size: 24px; line-height: 1.64em;\"><span style=\"color: #05639d;\">SOLUCI\u00d3N<\/span><br \/>\n<\/strong><\/p>\n<p><strong>Macromercado apost\u00f3 por mejorar la gesti\u00f3n del tiempo de su personal<\/strong>, reemplazando el sistema de registro horario mediante tarjetas PVC con c\u00f3digo de barra, por un sistema biom\u00e9trico. Esta actualizaci\u00f3n garantiza un m\u00e9todo de identificaci\u00f3n m\u00e1s seguro y eficiente.<\/p>\n<p style=\"font-size: 20px; line-height: 1.4em;\"><strong style=\"font-size: 24px; line-height: 1.64em;\"><span style=\"color: #05639d;\">RESULTADO<\/span><br \/>\n<\/strong><\/p>\n<p>La implementaci\u00f3n de TS-Identix en Macromercado permiti\u00f3 una <strong>migraci\u00f3n exitosa hacia un sistema de registro m\u00e1s moderno y fortaleciendo la seguridad<\/strong> de los datos del personal.<br \/>\nLa interfaz con el sistema de RRHH permiti\u00f3 una <strong>gesti\u00f3n centralizada de las marcas horarias registradas<\/strong> en cada lector con tecnolog\u00eda biom\u00e9trica.[\/vc_column_text][\/vc_column][\/vc_row][vc_row disable_element=\u00bbyes\u00bb css=\u00bb.vc_custom_1724069715757{margin-top: -30px !important;}\u00bb][vc_column width=\u00bb1\/4&#8243;][vc_single_image image=\u00bb6410&#8243; img_size=\u00bbfull\u00bb alignment=\u00bbcenter\u00bb onclick=\u00bblink_image\u00bb css=\u00bb\u00bb][\/vc_column][vc_column width=\u00bb1\/4&#8243;][vc_single_image image=\u00bb6410&#8243; img_size=\u00bbfull\u00bb alignment=\u00bbcenter\u00bb onclick=\u00bblink_image\u00bb css=\u00bb\u00bb][\/vc_column][vc_column width=\u00bb1\/4&#8243;][vc_single_image image=\u00bb6410&#8243; img_size=\u00bbfull\u00bb alignment=\u00bbcenter\u00bb onclick=\u00bblink_image\u00bb css=\u00bb\u00bb][\/vc_column][vc_column width=\u00bb1\/4&#8243;][vc_single_image image=\u00bb6410&#8243; img_size=\u00bbfull\u00bb alignment=\u00bbcenter\u00bb onclick=\u00bblink_image\u00bb css=\u00bb\u00bb][\/vc_column][\/vc_row][vc_row bg_cws_repeat=\u00bbno-repeat\u00bb bg_cws_size=\u00bbcover\u00bb bg_image_position=\u00bbcenter_center\u00bb css=\u00bb.vc_custom_1722345269634{padding-bottom: 10px !important;}\u00bb][vc_column width=\u00bb1\/4&#8243;][\/vc_column][vc_column width=\u00bb1\/2&#8243;]<div data-style='&quot;#ingenious_button_69f485854a603{\\n\\t\\t\\tcolor: #ffffff;\\n\\t\\t\\tbackground-color: #de813b;\\n\\t\\t\\tborder-color: rgba(0,157,230,0.01);\\n\\t\\t}#ingenious_button_69f485854a603 &gt; i{\\n\\t\\t\\tcolor: #ffffff;\\n\\t\\t}#ingenious_button_69f485854a603.ingenious_button.swipe_left:before,\\n\\t\\t\\t#ingenious_button_69f485854a603.ingenious_button.swipe_right:before,\\n\\t\\t\\t#ingenious_button_69f485854a603.ingenious_button.swipe_top:before,\\n\\t\\t\\t#ingenious_button_69f485854a603.ingenious_button.swipe_bot:before,\\t\\n\\t\\t\\t#ingenious_button_69f485854a603.ingenious_button.smoosh:before,\\t\\t\\n\\t\\t\\t#ingenious_button_69f485854a603.ingenious_button.smoosh:after,\\t\\n\\t\\t\\t#ingenious_button_69f485854a603.ingenious_button.collision:before,\\t\\t\\n\\t\\t\\t#ingenious_button_69f485854a603.ingenious_button.collision:after,\\t\\t\\n\\t\\t\\t#ingenious_button_69f485854a603.ingenious_button.pos_aware span{background-color: #de813b;}#ingenious_button_69f485854a603.ingenious_button.swipe_diagonal:before{border-bottom-color: rgba(0,157,230,0.01);}#ingenious_button_69f485854a603.ingenious_button.close_diagonal:before,\\n\\t\\t\\t#ingenious_button_69f485854a603.ingenious_button.close_diagonal:after{border-bottom-color: rgba(0,157,230,0.01);border-top-color: rgba(0,157,230,0.01);}#ingenious_button_69f485854a603.ingenious_button.slice:before{border-left-color: rgba(0,157,230,0.01);}#ingenious_button_69f485854a603.ingenious_button.slice:after{border-right-color: rgba(0,157,230,0.01);}#ingenious_button_69f485854a603.ingenious_button.shadow{box-shadow: 0 0 40px 40px #de813b inset, 0 0 0 0 #de813b;}#ingenious_button_69f485854a603.ingenious_button.shadow_alt{box-shadow: 0 0 10px 0 #de813b inset, 0 0 10px 4px #de813b;}#ingenious_button_69f485854a603:not(.none_anim):hover{\\n\\t\\t\\tcolor: #de813b;\\n\\t\\t\\tbackground-color: #ffffff;\\n\\t\\t\\tborder-color: #de813b;\\t\\n\\t\\t}#ingenious_button_69f485854a603:hover &gt; i{\\n\\t\\t\\tcolor: #de813b;\\n\\t\\t}#ingenious_button_69f485854a603.ingenious_button.shadow:hover{box-shadow: 0 0 10px 0 #ffffff inset, 0 0 10px 4px #ffffff;}#ingenious_button_69f485854a603.ingenious_button.shadow_alt:hover{box-shadow: 0 0 40px 40px #ffffff inset, 0 0 10px 4px #ffffff;}&quot;' class='ingenious_button_wrapper render_styles aligncenter'><a href='https:\/\/todosoft.com.uy\/site\/contacto\/' id='ingenious_button_69f485854a603' class='ingenious_button large def_anim font-size: 24px;'>SOLICITAR ASESORAMIENTO&#x20;<i class='far fa-hand-pointer'><\/i><\/a><\/div>[\/vc_column][vc_column width=\u00bb1\/4&#8243;][\/vc_column][\/vc_row][vc_row bg_cws_repeat=\u00bbno-repeat\u00bb bg_cws_size=\u00bbcover\u00bb bg_image_position=\u00bbcenter_center\u00bb css=\u00bb.vc_custom_1717259956396{padding-bottom: 50px !important;}\u00bb][vc_column width=\u00bb1\/4&#8243;][\/vc_column][vc_column width=\u00bb1\/2&#8243;]<div data-style='&quot;#ingenious_button_69f485854a671{\\n\\t\\t\\tcolor: #808080;\\n\\t\\t\\tbackground-color: #ffffff;\\n\\t\\t\\tborder-color: #ffffff;\\n\\t\\t}#ingenious_button_69f485854a671 &gt; i{\\n\\t\\t\\tcolor: #808080;\\n\\t\\t}#ingenious_button_69f485854a671.ingenious_button.swipe_left:before,\\n\\t\\t\\t#ingenious_button_69f485854a671.ingenious_button.swipe_right:before,\\n\\t\\t\\t#ingenious_button_69f485854a671.ingenious_button.swipe_top:before,\\n\\t\\t\\t#ingenious_button_69f485854a671.ingenious_button.swipe_bot:before,\\t\\n\\t\\t\\t#ingenious_button_69f485854a671.ingenious_button.smoosh:before,\\t\\t\\n\\t\\t\\t#ingenious_button_69f485854a671.ingenious_button.smoosh:after,\\t\\n\\t\\t\\t#ingenious_button_69f485854a671.ingenious_button.collision:before,\\t\\t\\n\\t\\t\\t#ingenious_button_69f485854a671.ingenious_button.collision:after,\\t\\t\\n\\t\\t\\t#ingenious_button_69f485854a671.ingenious_button.pos_aware span{background-color: #ffffff;}#ingenious_button_69f485854a671.ingenious_button.swipe_diagonal:before{border-bottom-color: #ffffff;}#ingenious_button_69f485854a671.ingenious_button.close_diagonal:before,\\n\\t\\t\\t#ingenious_button_69f485854a671.ingenious_button.close_diagonal:after{border-bottom-color: #ffffff;border-top-color: #ffffff;}#ingenious_button_69f485854a671.ingenious_button.slice:before{border-left-color: #ffffff;}#ingenious_button_69f485854a671.ingenious_button.slice:after{border-right-color: #ffffff;}#ingenious_button_69f485854a671.ingenious_button.shadow{box-shadow: 0 0 40px 40px #ffffff inset, 0 0 0 0 #ffffff;}#ingenious_button_69f485854a671.ingenious_button.shadow_alt{box-shadow: 0 0 10px 0 #ffffff inset, 0 0 10px 4px #ffffff;}#ingenious_button_69f485854a671:not(.none_anim):hover{\\n\\t\\t\\tcolor: #009de6;\\n\\t\\t\\tbackground-color: #ffffff;\\n\\t\\t\\tborder-color: #ffffff;\\t\\n\\t\\t}#ingenious_button_69f485854a671:hover &gt; i{\\n\\t\\t\\tcolor: #009de6;\\n\\t\\t}#ingenious_button_69f485854a671.ingenious_button.shadow:hover{box-shadow: 0 0 10px 0 #ffffff inset, 0 0 10px 4px #ffffff;}#ingenious_button_69f485854a671.ingenious_button.shadow_alt:hover{box-shadow: 0 0 40px 40px #ffffff inset, 0 0 10px 4px #ffffff;}&quot;' class='ingenious_button_wrapper render_styles aligncenter'><a href='https:\/\/todosoft.com.uy\/site\/empresa\/#casos-exito' id='ingenious_button_69f485854a671' class='ingenious_button small def_anim font-size: 18px;'>Ver m\u00e0s casos de \u00e8xito<\/a><\/div>[\/vc_column][vc_column width=\u00bb1\/4&#8243;][\/vc_column][\/vc_row]\n<\/div>","protected":false},"excerpt":{"rendered":"<p>[vc_row full_width=\u00bbstretch_row\u00bb content_placement=\u00bbmiddle\u00bb bg_cws_repeat=\u00bbno-repeat\u00bb bg_cws_size=\u00bbcontain\u00bb bg_image_position=\u00bbcenter_bottom\u00bb][vc_column][vc_row_inner][vc_column_inner][vc_column_text css=\u00bb.vc_custom_1722392351315{margin-top: 40px !important;}\u00bb] Macromercado optimiz\u00f3 su registro horario con nuestro Software TS-Identix implementando tecnolog\u00eda biom\u00e9trica [\/vc_column_text][\/vc_column_inner][\/vc_row_inner][vc_video link=\u00bbhttps:\/\/youtu.be\/Uss4-mVAeeQ\u00bb align=\u00bbcenter\u00bb css=\u00bb\u00bb][\/vc_column][\/vc_row][vc_row bg_cws_size=\u00bbcontain\u00bb bg_image_position=\u00bbcenter_top\u00bb][vc_column][vc_column_text css=\u00bb\u00bb] EMPRESA Macromercado es una de las cadenas de supermercados m\u00e1s importantes del Uruguay, con 7 sucursales en Montevideo y el interior del pa\u00eds. SOLUCI\u00d3N Macromercado apost\u00f3 por [&hellip;]<\/p>\n","protected":false},"author":1,"featured_media":0,"parent":0,"menu_order":0,"comment_status":"closed","ping_status":"closed","template":"","meta":{"footnotes":""},"class_list":["post-7273","page","type-page","status-publish","hentry"],"_links":{"self":[{"href":"https:\/\/todosoft.com.uy\/site\/wp-json\/wp\/v2\/pages\/7273","targetHints":{"allow":["GET"]}}],"collection":[{"href":"https:\/\/todosoft.com.uy\/site\/wp-json\/wp\/v2\/pages"}],"about":[{"href":"https:\/\/todosoft.com.uy\/site\/wp-json\/wp\/v2\/types\/page"}],"author":[{"embeddable":true,"href":"https:\/\/todosoft.com.uy\/site\/wp-json\/wp\/v2\/users\/1"}],"replies":[{"embeddable":true,"href":"https:\/\/todosoft.com.uy\/site\/wp-json\/wp\/v2\/comments?post=7273"}],"version-history":[{"count":6,"href":"https:\/\/todosoft.com.uy\/site\/wp-json\/wp\/v2\/pages\/7273\/revisions"}],"predecessor-version":[{"id":7385,"href":"https:\/\/todosoft.com.uy\/site\/wp-json\/wp\/v2\/pages\/7273\/revisions\/7385"}],"wp:attachment":[{"href":"https:\/\/todosoft.com.uy\/site\/wp-json\/wp\/v2\/media?parent=7273"}],"curies":[{"name":"wp","href":"https:\/\/api.w.org\/{rel}","templated":true}]}}